{"id":709,"date":"2012-03-19T09:25:55","date_gmt":"2012-03-19T08:25:55","guid":{"rendered":"http:\/\/rheinfallcats.ch\/site\/?page_id=709"},"modified":"2012-03-19T09:25:55","modified_gmt":"2012-03-19T08:25:55","slug":"ragdolls","status":"publish","type":"page","link":"https:\/\/rheinfallcats.ch\/site\/alles-uber-unsere-katzen\/ragdolls\/","title":{"rendered":"Ragdolls&#8230;"},"content":{"rendered":"<h2>Geschichte<\/h2>\n<p>Die Stammmutter der Ragdoll ist eine Katze mit Namen\u00a0<em>Josephine<\/em>. Sie war eine \u201eangora\u00e4hnliche\u201c Freig\u00e4ngerin, die einer Nachbarin von Ann Baker in Kalifornien geh\u00f6rte. Aus einem Wurf dieser Katze bekam Ann Baker einen Kater, der einer \u201eHeiligen Birma\u201c \u00e4hnlich sah. Mit diesem Kater und nicht weiter bekannten Tieren baute Ann Baker eine Linienzucht auf, und gab der so von ihr neu erz\u00fcchteten Rasse den Namen\u00a0<em>Ragdoll<\/em>, was auf Deutsch etwa\u00a0<em>Stoffpuppe<\/em>\u00a0bedeutet, manchmal auch\u00a0<em>Lumpenpuppe<\/em>\u00a0genannt. Den Namen w\u00e4hlte Ann Baker aufgrund der Tatsache, dass sich ihre Katzen einfach schlaff h\u00e4ngen lie\u00dfen, wenn man sie hoch nahm &#8211; wie eine aus Stofffetzen gefertigte Lumpenpuppe. Durch diese Verhaltensver\u00e4nderung gab es auch Ger\u00fcchte, dass diese Rasse ein ver\u00e4ndertes Schmerzverhalten h\u00e4tte, was manche dazu verleitete, das Schmerzverhalten der Tiere zu testen. Bei tiergerechten Untersuchungen stellte sich dann heraus, dass es keinerlei Ver\u00e4nderungen im Schmerzverhalten gibt.<\/p>\n<p>Aufgrund der rigiden Zuchtvorgaben von Ann Baker (sie lie\u00df sich die Bezeichnung\u00a0<em>Ragdoll<\/em>\u00a0patentieren und erhob auf jedes Tier, das aus ihren Linien stammte, eine Lizenzabgabe) wurde die Zucht mit den \u201eoriginal Baker&#8217;schen Ragdolls\u201c ziemlich schwierig. Zum Gl\u00fcck f\u00fcr die Zucht hatten sich schon fr\u00fch die Familien Dayton (Cattery Blossom-Time) und Chambers (Cattery Ragnarok) von Ann Baker getrennt und konnten lizenzfrei ihre Zuchten weiterf\u00fchren.<\/p>\n<p>Diese zwei Catteries f\u00fchrten die Ragdoll-Zucht im Wesentlichen zu dem, was sie heute im traditionellen Bereich ausmacht: Tiere in den Farben seal, blue, chocolate und lilac mit den Zeichnungsvarianten mitted, colourpoint und bicolour.<\/p>\n<h2>K\u00f6rperbau<\/h2>\n<p>Nach dem Standard der FIFe ist die Ragdoll eine massive, gro\u00dfe Katze mit mittlerem Knochenbau und muskul\u00f6sem K\u00f6rper. Sie hat eine kr\u00e4ftige Gesamterscheinung. Der Kopf soll von mittlerer Gr\u00f6\u00dfe sein, breit, keilf\u00f6rmig zulaufen und zwischen den Ohren flach sein. Sie hat mittelgro\u00dfe Ohren die runde Spitzen haben und weit auseinander stehen. Der Hals ist kurz und kr\u00e4ftig. Die Beine sind mittellang, die hinteren etwas l\u00e4nger, wodurch die R\u00fcckenlinie nach vorne abf\u00e4llt. Der Schwanz ist lang, gut behaart und buschig. Das dichte Fell ist von mittlerer L\u00e4nge, hat eine weiche, seidige Struktur und liegt am K\u00f6rper an.<\/p>\n<h2>Farbschl\u00e4ge<\/h2>\n<p>Die traditionellen Farben der Ragdoll sind seal (schwarz), deren Verd\u00fcnnung blue darstellt, und chocolate, deren Verd\u00fcnnung lilac ist. Als Zeichnungsvarianten werden von den meisten Vereinen nur bicolour, colourpoint und mitted anerkannt.<\/p>\n<p>Da die Ragdoll eine Point-Katze\u00a0ist, werden die Jungen wei\u00df geboren und erlangen ihre Haarfarbe erst im Laufe der Zeit.<\/p>\n<blockquote><p>http:\/\/de.wikipedia.org\/wiki\/Ragdoll-Katze<\/p><\/blockquote>\n","protected":false},"excerpt":{"rendered":"<p>Geschichte Die Stammmutter der Ragdoll ist eine Katze mit Namen\u00a0Josephine. Sie war eine \u201eangora\u00e4hnliche\u201c Freig\u00e4ngerin, die einer Nachbarin von Ann Baker in Kalifornien geh\u00f6rte. Aus einem Wurf dieser Katze bekam [&hellip;]<\/p>\n","protected":false},"author":1,"featured_media":0,"parent":319,"menu_order":20,"comment_status":"closed","ping_status":"open","template":"","meta":{"ngg_post_thumbnail":0,"footnotes":""},"class_list":["post-709","page","type-page","status-publish","hentry"],"_links":{"self":[{"href":"https:\/\/rheinfallcats.ch\/site\/wp-json\/wp\/v2\/pages\/709","targetHints":{"allow":["GET"]}}],"collection":[{"href":"https:\/\/rheinfallcats.ch\/site\/wp-json\/wp\/v2\/pages"}],"about":[{"href":"https:\/\/rheinfallcats.ch\/site\/wp-json\/wp\/v2\/types\/page"}],"author":[{"embeddable":true,"href":"https:\/\/rheinfallcats.ch\/site\/wp-json\/wp\/v2\/users\/1"}],"replies":[{"embeddable":true,"href":"https:\/\/rheinfallcats.ch\/site\/wp-json\/wp\/v2\/comments?post=709"}],"version-history":[{"count":0,"href":"https:\/\/rheinfallcats.ch\/site\/wp-json\/wp\/v2\/pages\/709\/revisions"}],"up":[{"embeddable":true,"href":"https:\/\/rheinfallcats.ch\/site\/wp-json\/wp\/v2\/pages\/319"}],"wp:attachment":[{"href":"https:\/\/rheinfallcats.ch\/site\/wp-json\/wp\/v2\/media?parent=709"}],"curies":[{"name":"wp","href":"https:\/\/api.w.org\/{rel}","templated":true}]}}