{"id":25008,"date":"2017-10-22T18:29:37","date_gmt":"2017-10-22T16:29:37","guid":{"rendered":"http:\/\/rheinfallcats.ch\/site\/?page_id=25008"},"modified":"2026-01-23T09:33:44","modified_gmt":"2026-01-23T08:33:44","slug":"cleopatra","status":"publish","type":"page","link":"https:\/\/rheinfallcats.ch\/site\/unsere-katzen\/cleopatra\/","title":{"rendered":"Cleopatra"},"content":{"rendered":"<div class=\"et_pb_section_0 et_pb_section et_section_regular et_block_section\"><div class=\"et_pb_row_0 et_pb_row et_block_row\"><div class=\"et_pb_column_0 et_pb_column et_pb_column_1_3 et_block_column et_pb_css_mix_blend_mode_passthrough\"><div class=\"et_pb_gallery_0 et_pb_gallery et_pb_bg_layout_light et_pb_slider et_pb_gallery_fullwidth clearfix et_slider_auto et_slider_speed_7200 et_pb_module\" data-auto-rotate=\"off\" data-auto-rotate-speed=\"\"><div class=\"et_pb_gallery_items et_post_gallery clearfix\" data-per_page=\"4\"><div class=\"et_pb_gallery_item et_pb_gallery_item_0_0\"><div class=\"et_pb_gallery_image landscape\" data-per_page=\"4\"><a href=\"https:\/\/rheinfallcats.ch\/site\/wp-content\/uploads\/2017\/10\/Cleopatra_0003.jpg\" title=\"Cleopatra_0003\"><img fetchpriority=\"high\" fetchpriority=\"high\" decoding=\"async\" width=\"1600\" height=\"1067\" src=\"https:\/\/rheinfallcats.ch\/site\/wp-content\/uploads\/2017\/10\/Cleopatra_0003.jpg\" alt=\"\" class=\"wp-image-25014\" srcset=\"https:\/\/rheinfallcats.ch\/site\/wp-content\/uploads\/2017\/10\/Cleopatra_0003.jpg 1600w, https:\/\/rheinfallcats.ch\/site\/wp-content\/uploads\/2017\/10\/Cleopatra_0003-300x200.jpg 300w, https:\/\/rheinfallcats.ch\/site\/wp-content\/uploads\/2017\/10\/Cleopatra_0003-768x512.jpg 768w, https:\/\/rheinfallcats.ch\/site\/wp-content\/uploads\/2017\/10\/Cleopatra_0003-1024x683.jpg 1024w, https:\/\/rheinfallcats.ch\/site\/wp-content\/uploads\/2017\/10\/Cleopatra_0003-1080x720.jpg 1080w\" sizes=\"(max-width: 1600px) 100vw, 1600px\" \/><span class=\"et_overlay\" data-icon=\"\" data-icon-tablet=\"\" data-icon-phone=\"\"><\/span><\/a><\/div><\/div><div class=\"et_pb_gallery_item et_pb_gallery_item_0_1\"><div class=\"et_pb_gallery_image landscape\" data-per_page=\"4\"><a href=\"https:\/\/rheinfallcats.ch\/site\/wp-content\/uploads\/2017\/10\/Cleopatra_0002.jpg\" title=\"Cleopatra_0002\"><img decoding=\"async\" width=\"1600\" height=\"1067\" src=\"https:\/\/rheinfallcats.ch\/site\/wp-content\/uploads\/2017\/10\/Cleopatra_0002.jpg\" alt=\"\" class=\"wp-image-25013\" srcset=\"https:\/\/rheinfallcats.ch\/site\/wp-content\/uploads\/2017\/10\/Cleopatra_0002.jpg 1600w, https:\/\/rheinfallcats.ch\/site\/wp-content\/uploads\/2017\/10\/Cleopatra_0002-300x200.jpg 300w, https:\/\/rheinfallcats.ch\/site\/wp-content\/uploads\/2017\/10\/Cleopatra_0002-768x512.jpg 768w, https:\/\/rheinfallcats.ch\/site\/wp-content\/uploads\/2017\/10\/Cleopatra_0002-1024x683.jpg 1024w, https:\/\/rheinfallcats.ch\/site\/wp-content\/uploads\/2017\/10\/Cleopatra_0002-1080x720.jpg 1080w\" sizes=\"(max-width: 1600px) 100vw, 1600px\" \/><span class=\"et_overlay\" data-icon=\"\" data-icon-tablet=\"\" data-icon-phone=\"\"><\/span><\/a><\/div><\/div><div class=\"et_pb_gallery_item et_pb_gallery_item_0_2\"><div class=\"et_pb_gallery_image landscape\" data-per_page=\"4\"><a href=\"https:\/\/rheinfallcats.ch\/site\/wp-content\/uploads\/2017\/10\/Cleopatra_0001.jpg\" title=\"Cleopatra_0001\"><img decoding=\"async\" width=\"1600\" height=\"1067\" src=\"https:\/\/rheinfallcats.ch\/site\/wp-content\/uploads\/2017\/10\/Cleopatra_0001.jpg\" alt=\"\" class=\"wp-image-25012\" srcset=\"https:\/\/rheinfallcats.ch\/site\/wp-content\/uploads\/2017\/10\/Cleopatra_0001.jpg 1600w, https:\/\/rheinfallcats.ch\/site\/wp-content\/uploads\/2017\/10\/Cleopatra_0001-300x200.jpg 300w, https:\/\/rheinfallcats.ch\/site\/wp-content\/uploads\/2017\/10\/Cleopatra_0001-768x512.jpg 768w, https:\/\/rheinfallcats.ch\/site\/wp-content\/uploads\/2017\/10\/Cleopatra_0001-1024x683.jpg 1024w, https:\/\/rheinfallcats.ch\/site\/wp-content\/uploads\/2017\/10\/Cleopatra_0001-1080x720.jpg 1080w\" sizes=\"(max-width: 1600px) 100vw, 1600px\" \/><span class=\"et_overlay\" data-icon=\"\" data-icon-tablet=\"\" data-icon-phone=\"\"><\/span><\/a><\/div><\/div><\/div><\/div><\/div><div class=\"et_pb_column_1 et_pb_column et_pb_column_2_3 et-last-child et_block_column et_pb_css_mix_blend_mode_passthrough\"><div class=\"et_pb_text_0 et_pb_text et_pb_bg_layout_light et_pb_module et_block_module\"><div class=\"et_pb_text_inner\"><h3><strong>Cleopatra vom Rheinfallblick<\/strong><\/h3>\n<p>Rufname : Cleopatra<\/p>\n<p>Geburtsdatum : 09.03.2016<\/p>\n<p>Farbe : blue bicolour<\/p>\n<p>Cleopatra`s Vater ist der Supreme Champion Hunter, genannt \u201eMiro\u201c,&nbsp;Mutter ist die Champion Rozene, genannt \u201eAzura\u201c.<\/p>\n<p>Cleopatra ist eine traditionelle Ragdoll.&nbsp;Cleopatra hat einen exzellent muskul\u00f6sen K\u00f6rper, starke Beine und ex. Pfoten.&nbsp;Der Kopf hat ein ex. Profil mit ex. Kinn.&nbsp;Die Augen sind ex. gesetzt mit Form, Ausdruck und ex. blau.&nbsp;Die Ohren sind ex. gesetzt und haben eine ex. Form und Gr\u00f6sse.&nbsp;Das Fell hat eine ex. Qualit\u00e4t&nbsp; wie Seide gute L\u00e4nge und ex. Farbe. Der&nbsp;Schwanz ist ex. in L\u00e4nge und Form. Cleopatra ist selbstbewusst&nbsp; und hat einen guten Platz in der Gruppe.&nbsp;Cleopatra ist vorgesehen eine Zuchtkatze zu werden wie Ihre Schwester Champion Claire.&nbsp;Ihr vorgesehener Partner Kater ist der rein Traditionelle Champion Casanova.<\/p>\n<h4><strong>Ihre Ausstellungen<\/strong><\/h4>\n<pre><span style=\"color: #666666; font-size: 14px;\">Datum             Ort              Resulat      Nominiert\n05.03.2017&nbsp;&nbsp;&nbsp;&nbsp;&nbsp;&nbsp;&nbsp; Wollerau&nbsp;&nbsp;&nbsp;&nbsp;&nbsp;&nbsp;&nbsp;&nbsp;&nbsp; CAC<\/span>\n02.04.2017&nbsp;&nbsp;&nbsp;&nbsp;&nbsp;&nbsp;&nbsp; Oberglatt&nbsp;&nbsp;&nbsp;&nbsp;&nbsp;&nbsp;&nbsp;&nbsp; CAC\n21.05.2017&nbsp;&nbsp;&nbsp;&nbsp;&nbsp;&nbsp;&nbsp; Chur&nbsp;&nbsp;&nbsp;&nbsp;&nbsp;&nbsp;&nbsp;&nbsp;&nbsp;&nbsp;&nbsp;&nbsp;&nbsp; CAC\n04.11.2017        Lausen            CACIB\n25.11.2017        Frauenfeld        CACIB\n31.03.2018        Lauterach (A)     CACIB\n23.09.2018        Altst\u00e4tten        CAGCIB\n01.03.2020        Rothenburg LU     CAGCIB         Ja\n<\/pre>\n<pre>Cleopatra darf den Titel International Champion tragen.<\/pre>\n<div>\n<blockquote class=\"\">\n<div class=\"\">\n<div class=\"\">&nbsp;<\/div>\n<\/div>\n<\/blockquote>\n<\/div>\n<\/div><\/div><div class=\"et_pb_divider_0 et_pb_divider_hidden et_pb_space et_pb_divider_position_top et_pb_module\"><div class=\"et_pb_divider_internal\"><\/div><\/div><\/div><\/div><\/div>","protected":false},"excerpt":{"rendered":"","protected":false},"author":1,"featured_media":0,"parent":128,"menu_order":0,"comment_status":"closed","ping_status":"closed","template":"","meta":{"ngg_post_thumbnail":0,"footnotes":""},"class_list":["post-25008","page","type-page","status-publish","hentry"],"_links":{"self":[{"href":"https:\/\/rheinfallcats.ch\/site\/wp-json\/wp\/v2\/pages\/25008","targetHints":{"allow":["GET"]}}],"collection":[{"href":"https:\/\/rheinfallcats.ch\/site\/wp-json\/wp\/v2\/pages"}],"about":[{"href":"https:\/\/rheinfallcats.ch\/site\/wp-json\/wp\/v2\/types\/page"}],"author":[{"embeddable":true,"href":"https:\/\/rheinfallcats.ch\/site\/wp-json\/wp\/v2\/users\/1"}],"replies":[{"embeddable":true,"href":"https:\/\/rheinfallcats.ch\/site\/wp-json\/wp\/v2\/comments?post=25008"}],"version-history":[{"count":1,"href":"https:\/\/rheinfallcats.ch\/site\/wp-json\/wp\/v2\/pages\/25008\/revisions"}],"predecessor-version":[{"id":236839,"href":"https:\/\/rheinfallcats.ch\/site\/wp-json\/wp\/v2\/pages\/25008\/revisions\/236839"}],"up":[{"embeddable":true,"href":"https:\/\/rheinfallcats.ch\/site\/wp-json\/wp\/v2\/pages\/128"}],"wp:attachment":[{"href":"https:\/\/rheinfallcats.ch\/site\/wp-json\/wp\/v2\/media?parent=25008"}],"curies":[{"name":"wp","href":"https:\/\/api.w.org\/{rel}","templated":true}]}}