{"id":25007,"date":"2017-10-22T18:09:54","date_gmt":"2017-10-22T16:09:54","guid":{"rendered":"http:\/\/rheinfallcats.ch\/site\/?page_id=25007"},"modified":"2026-01-23T09:33:43","modified_gmt":"2026-01-23T08:33:43","slug":"claire","status":"publish","type":"page","link":"https:\/\/rheinfallcats.ch\/site\/unsere-katzen\/claire\/","title":{"rendered":"Claire"},"content":{"rendered":"<div class=\"et_pb_section_0 et_pb_section et_section_regular et_block_section\"><div class=\"et_pb_row_0 et_pb_row et_block_row\"><div class=\"et_pb_column_0 et_pb_column et_pb_column_1_3 et_block_column et_pb_css_mix_blend_mode_passthrough\"><div class=\"et_pb_gallery_0 et_pb_gallery et_pb_bg_layout_light et_pb_slider et_pb_gallery_fullwidth clearfix et_pb_slider_no_pagination et_slider_auto et_slider_speed_7200 et_pb_module\" data-auto-rotate=\"off\" data-auto-rotate-speed=\"\"><div class=\"et_pb_gallery_items et_post_gallery clearfix\" data-per_page=\"4\"><div class=\"et_pb_gallery_item et_pb_gallery_item_0_0\"><div class=\"et_pb_gallery_image landscape\" data-per_page=\"4\"><a href=\"https:\/\/rheinfallcats.ch\/site\/wp-content\/uploads\/2017\/10\/claire_0001.jpg\" title=\"Claire\"><img fetchpriority=\"high\" fetchpriority=\"high\" decoding=\"async\" width=\"1600\" height=\"1067\" src=\"https:\/\/rheinfallcats.ch\/site\/wp-content\/uploads\/2017\/10\/claire_0001.jpg\" alt=\"Claire\" class=\"wp-image-25015\" srcset=\"https:\/\/rheinfallcats.ch\/site\/wp-content\/uploads\/2017\/10\/claire_0001.jpg 1600w, https:\/\/rheinfallcats.ch\/site\/wp-content\/uploads\/2017\/10\/claire_0001-300x200.jpg 300w, https:\/\/rheinfallcats.ch\/site\/wp-content\/uploads\/2017\/10\/claire_0001-768x512.jpg 768w, https:\/\/rheinfallcats.ch\/site\/wp-content\/uploads\/2017\/10\/claire_0001-1024x683.jpg 1024w, https:\/\/rheinfallcats.ch\/site\/wp-content\/uploads\/2017\/10\/claire_0001-1080x720.jpg 1080w\" sizes=\"(max-width: 1600px) 100vw, 1600px\" \/><span class=\"et_overlay\" data-icon=\"\" data-icon-tablet=\"\" data-icon-phone=\"\"><\/span><\/a><\/div><\/div><div class=\"et_pb_gallery_item et_pb_gallery_item_0_1\"><div class=\"et_pb_gallery_image landscape\" data-per_page=\"4\"><a href=\"https:\/\/rheinfallcats.ch\/site\/wp-content\/uploads\/2017\/10\/claire_0002.jpg\" title=\"claire_0002\"><img decoding=\"async\" width=\"1600\" height=\"1067\" src=\"https:\/\/rheinfallcats.ch\/site\/wp-content\/uploads\/2017\/10\/claire_0002.jpg\" alt=\"\" class=\"wp-image-25016\" srcset=\"https:\/\/rheinfallcats.ch\/site\/wp-content\/uploads\/2017\/10\/claire_0002.jpg 1600w, https:\/\/rheinfallcats.ch\/site\/wp-content\/uploads\/2017\/10\/claire_0002-300x200.jpg 300w, https:\/\/rheinfallcats.ch\/site\/wp-content\/uploads\/2017\/10\/claire_0002-768x512.jpg 768w, https:\/\/rheinfallcats.ch\/site\/wp-content\/uploads\/2017\/10\/claire_0002-1024x683.jpg 1024w, https:\/\/rheinfallcats.ch\/site\/wp-content\/uploads\/2017\/10\/claire_0002-1080x720.jpg 1080w\" sizes=\"(max-width: 1600px) 100vw, 1600px\" \/><span class=\"et_overlay\" data-icon=\"\" data-icon-tablet=\"\" data-icon-phone=\"\"><\/span><\/a><\/div><\/div><div class=\"et_pb_gallery_item et_pb_gallery_item_0_2\"><div class=\"et_pb_gallery_image landscape\" data-per_page=\"4\"><a href=\"https:\/\/rheinfallcats.ch\/site\/wp-content\/uploads\/2017\/10\/claire_0003.jpg\" title=\"claire_0003\"><img decoding=\"async\" width=\"1600\" height=\"1067\" src=\"https:\/\/rheinfallcats.ch\/site\/wp-content\/uploads\/2017\/10\/claire_0003.jpg\" alt=\"\" class=\"wp-image-25017\" srcset=\"https:\/\/rheinfallcats.ch\/site\/wp-content\/uploads\/2017\/10\/claire_0003.jpg 1600w, https:\/\/rheinfallcats.ch\/site\/wp-content\/uploads\/2017\/10\/claire_0003-300x200.jpg 300w, https:\/\/rheinfallcats.ch\/site\/wp-content\/uploads\/2017\/10\/claire_0003-768x512.jpg 768w, https:\/\/rheinfallcats.ch\/site\/wp-content\/uploads\/2017\/10\/claire_0003-1024x683.jpg 1024w, https:\/\/rheinfallcats.ch\/site\/wp-content\/uploads\/2017\/10\/claire_0003-1080x720.jpg 1080w\" sizes=\"(max-width: 1600px) 100vw, 1600px\" \/><span class=\"et_overlay\" data-icon=\"\" data-icon-tablet=\"\" data-icon-phone=\"\"><\/span><\/a><\/div><\/div><\/div><\/div><\/div><div class=\"et_pb_column_1 et_pb_column et_pb_column_2_3 et-last-child et_block_column et_pb_css_mix_blend_mode_passthrough\"><div class=\"et_pb_text_0 et_pb_text et_pb_bg_layout_light et_pb_module et_block_module\"><div class=\"et_pb_text_inner\"><h3><strong>Claire vom Rheinfallblick<\/strong><\/h3>\n<p>Rufname : Claire<\/p>\n<p>Geburtsdatum : 09.03.2016<\/p>\n<p>Farbe : blue colour-point<\/p>\n<p>Claire`s Vater ist Supreme Champion Hunter genannt \u201eMiro\u201c,&nbsp;Mutter ist Champion Rozene&nbsp; gen. \u201eAzura\u201c<\/p>\n<p>Claire ist eine traditionelle Ragdoll. Sie&nbsp;ist ein exzellent harmonisches M\u00e4dchen.&nbsp;Die Kopfform und der Ausdruck ist ex.&nbsp;Die Augen haben eine ex. Form und ex. blaue Farbe. Die&nbsp;Ohren sind ex. gesetzt und haben eine ex. Gr\u00f6sse. Das&nbsp;Fell hat eine ex. Qualit\u00e4t und ex. sch\u00f6ne Point`s und Kontraste mit ex .sch\u00f6ner K\u00f6rperfarbe.&nbsp;Claire ist ein liebes M\u00e4dchen und ist in der Gruppe eine gute St\u00fctze.&nbsp;Claire ist vorgesehen eine Zuchtkatze werden wie ihre Schwester Campion Cleopatra<\/p>\n<p>Ihr Partner Kater soll wie bei Ihrer Schwester Champion Cleopatra der rein traditionelle Champion Casanova werden.<\/p>\n<h4>&nbsp;<\/h4>\n<h4><strong>Ihre Ausstellungen<\/strong><\/h4>\n<pre>Datum             Ort              Resulat       Nominiert\r\n05.03.2017&nbsp;&nbsp;&nbsp;&nbsp;&nbsp;&nbsp;&nbsp; Wollerau&nbsp;&nbsp;&nbsp;&nbsp;&nbsp;&nbsp;&nbsp;&nbsp;&nbsp; CAC\r\n02.04.2017&nbsp;&nbsp;&nbsp;&nbsp;&nbsp;&nbsp;&nbsp; Oberglatt&nbsp;&nbsp;&nbsp;&nbsp;&nbsp;&nbsp;&nbsp;&nbsp; CAC\r\n21.05.2017&nbsp;&nbsp;&nbsp;&nbsp;&nbsp;&nbsp;&nbsp; Chur&nbsp;&nbsp;&nbsp;&nbsp;&nbsp;&nbsp;&nbsp;&nbsp;&nbsp;&nbsp;&nbsp;&nbsp;&nbsp; CAC\r\n25.11.2017        Frauenfeld        CACIB\r\n31.03.2018        Lauterach (A)     CACIB\r\n23.09.2018        Altst\u00e4tten        CACIB<\/pre>\n<pre>Claire darf den Titel International Champion tragen.\r\n\r\n<\/pre>\n<div>\n<blockquote class=\"\">\n<div class=\"\">\n<div class=\"\">&nbsp;<\/div>\n<\/div>\n<\/blockquote>\n<\/div>\n<\/div><\/div><div class=\"et_pb_divider_0 et_pb_divider_hidden et_pb_space et_pb_divider_position_top et_pb_module\"><div class=\"et_pb_divider_internal\"><\/div><\/div><\/div><\/div><\/div>","protected":false},"excerpt":{"rendered":"","protected":false},"author":1,"featured_media":0,"parent":128,"menu_order":0,"comment_status":"closed","ping_status":"closed","template":"","meta":{"ngg_post_thumbnail":0,"footnotes":""},"class_list":["post-25007","page","type-page","status-publish","hentry"],"_links":{"self":[{"href":"https:\/\/rheinfallcats.ch\/site\/wp-json\/wp\/v2\/pages\/25007","targetHints":{"allow":["GET"]}}],"collection":[{"href":"https:\/\/rheinfallcats.ch\/site\/wp-json\/wp\/v2\/pages"}],"about":[{"href":"https:\/\/rheinfallcats.ch\/site\/wp-json\/wp\/v2\/types\/page"}],"author":[{"embeddable":true,"href":"https:\/\/rheinfallcats.ch\/site\/wp-json\/wp\/v2\/users\/1"}],"replies":[{"embeddable":true,"href":"https:\/\/rheinfallcats.ch\/site\/wp-json\/wp\/v2\/comments?post=25007"}],"version-history":[{"count":1,"href":"https:\/\/rheinfallcats.ch\/site\/wp-json\/wp\/v2\/pages\/25007\/revisions"}],"predecessor-version":[{"id":236838,"href":"https:\/\/rheinfallcats.ch\/site\/wp-json\/wp\/v2\/pages\/25007\/revisions\/236838"}],"up":[{"embeddable":true,"href":"https:\/\/rheinfallcats.ch\/site\/wp-json\/wp\/v2\/pages\/128"}],"wp:attachment":[{"href":"https:\/\/rheinfallcats.ch\/site\/wp-json\/wp\/v2\/media?parent=25007"}],"curies":[{"name":"wp","href":"https:\/\/api.w.org\/{rel}","templated":true}]}}