{"id":24598,"date":"2016-11-25T23:06:43","date_gmt":"2016-11-25T22:06:43","guid":{"rendered":"http:\/\/rheinfallcats.ch\/site\/?page_id=24598"},"modified":"2026-01-23T09:33:42","modified_gmt":"2026-01-23T08:33:42","slug":"casanova-kajika-rags-xtra-man","status":"publish","type":"page","link":"https:\/\/rheinfallcats.ch\/site\/unsere-katzen\/casanova-kajika-rags-xtra-man\/","title":{"rendered":"Casanova"},"content":{"rendered":"<div class=\"et_pb_section_0 et_pb_section et_section_regular et_block_section\"><div class=\"et_pb_row_0 et_pb_row et_block_row\"><div class=\"et_pb_column_0 et_pb_column et_pb_column_1_3 et_block_column et_pb_css_mix_blend_mode_passthrough\"><div class=\"et_pb_gallery_0 et_pb_gallery et_pb_bg_layout_light et_pb_slider et_pb_gallery_fullwidth clearfix et_pb_slider_no_pagination et_slider_auto et_slider_speed_7200 et_pb_module\" data-auto-rotate=\"off\" data-auto-rotate-speed=\"\"><div class=\"et_pb_gallery_items et_post_gallery clearfix\" data-per_page=\"4\"><div class=\"et_pb_gallery_item et_pb_gallery_item_0_0\"><div class=\"et_pb_gallery_image landscape\" data-per_page=\"4\"><a href=\"https:\/\/rheinfallcats.ch\/site\/wp-content\/uploads\/2016\/11\/Casanova_0001.jpg\" title=\"Casanova_0001\"><img fetchpriority=\"high\" fetchpriority=\"high\" decoding=\"async\" width=\"1600\" height=\"1067\" src=\"https:\/\/rheinfallcats.ch\/site\/wp-content\/uploads\/2016\/11\/Casanova_0001.jpg\" alt=\"\" class=\"wp-image-25020\" srcset=\"https:\/\/rheinfallcats.ch\/site\/wp-content\/uploads\/2016\/11\/Casanova_0001.jpg 1600w, https:\/\/rheinfallcats.ch\/site\/wp-content\/uploads\/2016\/11\/Casanova_0001-300x200.jpg 300w, https:\/\/rheinfallcats.ch\/site\/wp-content\/uploads\/2016\/11\/Casanova_0001-768x512.jpg 768w, https:\/\/rheinfallcats.ch\/site\/wp-content\/uploads\/2016\/11\/Casanova_0001-1024x683.jpg 1024w, https:\/\/rheinfallcats.ch\/site\/wp-content\/uploads\/2016\/11\/Casanova_0001-1080x720.jpg 1080w\" sizes=\"(max-width: 1600px) 100vw, 1600px\" \/><span class=\"et_overlay\" data-icon=\"\" data-icon-tablet=\"\" data-icon-phone=\"\"><\/span><\/a><\/div><\/div><div class=\"et_pb_gallery_item et_pb_gallery_item_0_1\"><div class=\"et_pb_gallery_image landscape\" data-per_page=\"4\"><a href=\"https:\/\/rheinfallcats.ch\/site\/wp-content\/uploads\/2016\/11\/Casanova_0002.jpg\" title=\"Casanova_0002\"><img decoding=\"async\" width=\"1600\" height=\"1067\" src=\"https:\/\/rheinfallcats.ch\/site\/wp-content\/uploads\/2016\/11\/Casanova_0002.jpg\" alt=\"\" class=\"wp-image-25021\" srcset=\"https:\/\/rheinfallcats.ch\/site\/wp-content\/uploads\/2016\/11\/Casanova_0002.jpg 1600w, https:\/\/rheinfallcats.ch\/site\/wp-content\/uploads\/2016\/11\/Casanova_0002-300x200.jpg 300w, https:\/\/rheinfallcats.ch\/site\/wp-content\/uploads\/2016\/11\/Casanova_0002-768x512.jpg 768w, https:\/\/rheinfallcats.ch\/site\/wp-content\/uploads\/2016\/11\/Casanova_0002-1024x683.jpg 1024w, https:\/\/rheinfallcats.ch\/site\/wp-content\/uploads\/2016\/11\/Casanova_0002-1080x720.jpg 1080w\" sizes=\"(max-width: 1600px) 100vw, 1600px\" \/><span class=\"et_overlay\" data-icon=\"\" data-icon-tablet=\"\" data-icon-phone=\"\"><\/span><\/a><\/div><\/div><\/div><\/div><\/div><div class=\"et_pb_column_1 et_pb_column et_pb_column_2_3 et-last-child et_block_column et_pb_css_mix_blend_mode_passthrough\"><div class=\"et_pb_text_0 et_pb_text et_pb_bg_layout_light et_pb_module et_block_module et_pb_text_align_left\"><div class=\"et_pb_text_inner\"><h3><strong>Kajika Rag`s Xtra-man<\/strong><\/h3>\n<p>Rufname : Casanova<\/p>\n<p>Geburtsdatum : 02.09.2015<\/p>\n<p>Farbe : seal mitted &amp; weiss<\/p>\n<p style=\"text-align: justify;\">Casanova ist rein-traditionell und hat eine exzellente K\u00f6rperform und Typ. Er ist sehr harmonisch.&nbsp;Der Kopf ist ex. mit ex. Nasenform und ex. Stirne sowie ein ex. weisses Kinn.&nbsp;Die Augen sind ex. gesetzt und haben eine ex. Form.&nbsp;Das Fell hat eine weiche seidige Textur und ex. L\u00e4nge.&nbsp;Einen weissen Bauch und weisse Beine.&nbsp;Der Schwanz hat eine ex. L\u00e4nge und ist buschig.&nbsp;Casanova wird unser k\u00fcnftiger Zuchtkater werde. Er ist lieb, anh\u00e4nglich aber bestimmt. Er behauptet sich sehr gut im Rudel.<\/p>\n<h4><strong>Seine Ausstellungen<\/strong><\/h4>\n<pre>Datum             Ort              Resulat       Nominiert<u><\/u><u>\r\n<\/u>09.10.2016&nbsp;&nbsp;&nbsp;&nbsp;&nbsp;&nbsp;&nbsp;&nbsp;Burgdorf&nbsp;&nbsp;&nbsp;&nbsp;&nbsp;&nbsp;&nbsp;&nbsp;&nbsp; CAC\r\n05.11.2016&nbsp;&nbsp;&nbsp;&nbsp;&nbsp;&nbsp;&nbsp;&nbsp;Neuhausen&nbsp;&nbsp;&nbsp;&nbsp;&nbsp;&nbsp;&nbsp;&nbsp; CAC\r\n06.11.2016&nbsp;&nbsp;&nbsp;&nbsp;&nbsp;&nbsp;&nbsp;&nbsp;Neuhausen&nbsp;&nbsp;&nbsp;&nbsp;&nbsp;&nbsp;&nbsp;&nbsp; CAC<\/pre>\n<p><strong>&nbsp;<\/strong><\/p>\n<pre>Titel&nbsp;Champion<strong>&nbsp;<\/strong><\/pre>\n<pre>13.11.2016 &nbsp; &nbsp;&nbsp; &nbsp; Karlsruhe&nbsp; D &nbsp;&nbsp; &nbsp;CACIB<\/pre>\n<h3>&nbsp;<\/h3>\n<\/div><\/div><div class=\"et_pb_divider_0 et_pb_divider_hidden et_pb_space et_pb_divider_position_top et_pb_module\"><div class=\"et_pb_divider_internal\"><\/div><\/div><\/div><\/div><\/div>","protected":false},"excerpt":{"rendered":"","protected":false},"author":1,"featured_media":0,"parent":128,"menu_order":0,"comment_status":"closed","ping_status":"closed","template":"","meta":{"ngg_post_thumbnail":0,"footnotes":""},"class_list":["post-24598","page","type-page","status-publish","hentry"],"_links":{"self":[{"href":"https:\/\/rheinfallcats.ch\/site\/wp-json\/wp\/v2\/pages\/24598","targetHints":{"allow":["GET"]}}],"collection":[{"href":"https:\/\/rheinfallcats.ch\/site\/wp-json\/wp\/v2\/pages"}],"about":[{"href":"https:\/\/rheinfallcats.ch\/site\/wp-json\/wp\/v2\/types\/page"}],"author":[{"embeddable":true,"href":"https:\/\/rheinfallcats.ch\/site\/wp-json\/wp\/v2\/users\/1"}],"replies":[{"embeddable":true,"href":"https:\/\/rheinfallcats.ch\/site\/wp-json\/wp\/v2\/comments?post=24598"}],"version-history":[{"count":1,"href":"https:\/\/rheinfallcats.ch\/site\/wp-json\/wp\/v2\/pages\/24598\/revisions"}],"predecessor-version":[{"id":236837,"href":"https:\/\/rheinfallcats.ch\/site\/wp-json\/wp\/v2\/pages\/24598\/revisions\/236837"}],"up":[{"embeddable":true,"href":"https:\/\/rheinfallcats.ch\/site\/wp-json\/wp\/v2\/pages\/128"}],"wp:attachment":[{"href":"https:\/\/rheinfallcats.ch\/site\/wp-json\/wp\/v2\/media?parent=24598"}],"curies":[{"name":"wp","href":"https:\/\/api.w.org\/{rel}","templated":true}]}}