{"id":2200,"date":"2016-03-21T22:50:00","date_gmt":"2016-03-21T21:50:00","guid":{"rendered":"http:\/\/rheinfallcats.ch\/site\/?page_id=2200"},"modified":"2026-01-23T09:33:40","modified_gmt":"2026-01-23T08:33:40","slug":"d-kajika-rags-hunter","status":"publish","type":"page","link":"https:\/\/rheinfallcats.ch\/site\/unsere-katzen\/d-kajika-rags-hunter\/","title":{"rendered":"Miro"},"content":{"rendered":"<div class=\"et_pb_section_0 et_pb_section et_section_regular et_block_section\"><div class=\"et_pb_row_0 et_pb_row et_block_row\"><div class=\"et_pb_column_0 et_pb_column et_pb_column_1_3 et_block_column et_pb_css_mix_blend_mode_passthrough\"><div class=\"et_pb_module et_d4_element et_pb_gallery et_pb_gallery_0  et_pb_bg_layout_light et_pb_slider et_pb_gallery_fullwidth et_slider_auto et_slider_speed_7200 clearfix\">\n\t\t\t\t<div class=\"et_pb_gallery_items et_pb_grid_items et_post_gallery clearfix\" data-per_page=\"4\"><div class=\"et_pb_gallery_item et_pb_bg_layout_light et_pb_css_mix_blend_mode et_pb_gallery_item_0_0\"><div class=\"et_pb_gallery_image landscape\">\n\t\t\t\t\t<a href=\"https:\/\/rheinfallcats.ch\/site\/wp-content\/uploads\/2012\/11\/Miro-6.jpg\" title=\"Miro_6\">\n\t\t\t\t\t<img fetchpriority=\"high\" fetchpriority=\"high\" decoding=\"async\" width=\"1280\" height=\"853\" src=\"https:\/\/rheinfallcats.ch\/site\/wp-content\/uploads\/2012\/11\/Miro-6.jpg\" class=\"wp-image-904\" srcset=\"https:\/\/rheinfallcats.ch\/site\/wp-content\/uploads\/2012\/11\/Miro-6.jpg 1280w, https:\/\/rheinfallcats.ch\/site\/wp-content\/uploads\/2012\/11\/Miro-6-300x199.jpg 300w, https:\/\/rheinfallcats.ch\/site\/wp-content\/uploads\/2012\/11\/Miro-6-1024x682.jpg 1024w\" sizes=\"(max-width: 1280px) 100vw, 1280px\" \/>\n\t\t\t\t\t\n\t\t\t\t<\/a>\n\t\t\t\t<\/div><\/div><div class=\"et_pb_gallery_item et_pb_bg_layout_light et_pb_css_mix_blend_mode et_pb_gallery_item_0_1\"><div class=\"et_pb_gallery_image landscape\">\n\t\t\t\t\t<a href=\"https:\/\/rheinfallcats.ch\/site\/wp-content\/uploads\/2012\/11\/Miro-5.jpg\" title=\"Miro_5\">\n\t\t\t\t\t<img decoding=\"async\" width=\"1280\" height=\"853\" src=\"https:\/\/rheinfallcats.ch\/site\/wp-content\/uploads\/2012\/11\/Miro-5.jpg\" class=\"wp-image-901\" srcset=\"https:\/\/rheinfallcats.ch\/site\/wp-content\/uploads\/2012\/11\/Miro-5.jpg 1280w, https:\/\/rheinfallcats.ch\/site\/wp-content\/uploads\/2012\/11\/Miro-5-300x199.jpg 300w, https:\/\/rheinfallcats.ch\/site\/wp-content\/uploads\/2012\/11\/Miro-5-1024x682.jpg 1024w\" sizes=\"(max-width: 1280px) 100vw, 1280px\" \/>\n\t\t\t\t\t\n\t\t\t\t<\/a>\n\t\t\t\t<\/div><\/div><div class=\"et_pb_gallery_item et_pb_bg_layout_light et_pb_css_mix_blend_mode et_pb_gallery_item_0_2\"><div class=\"et_pb_gallery_image landscape\">\n\t\t\t\t\t<a href=\"https:\/\/rheinfallcats.ch\/site\/wp-content\/uploads\/2012\/11\/Miro-1.jpg\" title=\"Miro_1\">\n\t\t\t\t\t<img decoding=\"async\" width=\"1280\" height=\"853\" src=\"https:\/\/rheinfallcats.ch\/site\/wp-content\/uploads\/2012\/11\/Miro-1.jpg\" class=\"wp-image-898\" srcset=\"https:\/\/rheinfallcats.ch\/site\/wp-content\/uploads\/2012\/11\/Miro-1.jpg 1280w, https:\/\/rheinfallcats.ch\/site\/wp-content\/uploads\/2012\/11\/Miro-1-300x199.jpg 300w, https:\/\/rheinfallcats.ch\/site\/wp-content\/uploads\/2012\/11\/Miro-1-1024x682.jpg 1024w\" sizes=\"(max-width: 1280px) 100vw, 1280px\" \/>\n\t\t\t\t\t\n\t\t\t\t<\/a>\n\t\t\t\t<\/div><\/div><div class=\"et_pb_gallery_item et_pb_bg_layout_light et_pb_css_mix_blend_mode et_pb_gallery_item_0_3\"><div class=\"et_pb_gallery_image landscape\">\n\t\t\t\t\t<a href=\"https:\/\/rheinfallcats.ch\/site\/wp-content\/uploads\/2012\/11\/Miro-3.jpg\" title=\"Miro\">\n\t\t\t\t\t<img loading=\"lazy\" loading=\"lazy\" decoding=\"async\" width=\"1280\" height=\"853\" src=\"https:\/\/rheinfallcats.ch\/site\/wp-content\/uploads\/2012\/11\/Miro-3.jpg\" class=\"wp-image-895\" srcset=\"https:\/\/rheinfallcats.ch\/site\/wp-content\/uploads\/2012\/11\/Miro-3.jpg 1280w, https:\/\/rheinfallcats.ch\/site\/wp-content\/uploads\/2012\/11\/Miro-3-300x199.jpg 300w, https:\/\/rheinfallcats.ch\/site\/wp-content\/uploads\/2012\/11\/Miro-3-1024x682.jpg 1024w\" sizes=\"(max-width: 1280px) 100vw, 1280px\" \/>\n\t\t\t\t\t\n\t\t\t\t<\/a>\n\t\t\t\t<\/div><\/div><\/div><\/div><\/div><div class=\"et_pb_column_1 et_pb_column et_pb_column_2_3 et-last-child et_block_column et_pb_css_mix_blend_mode_passthrough\"><div class=\"et_pb_text_0 et_pb_text et_pb_bg_layout_light et_pb_module et_block_module et_pb_text_align_left\"><div class=\"et_pb_text_inner\"><h2><strong>D Kajika Rag&#8217;s Hunter<\/strong><\/h2>\n<p>Rufname : Miro<\/p>\n<p>Geburtsdatum :&nbsp;10.06.2012<\/p>\n<p>Farbe: mitted seal-point&nbsp;und weiss<\/p>\n<p>Miro ist ein mittel kr\u00e4ftig muskol\u00f6ser Kater, sehr harmonisch. Sehr sch\u00f6ner Kopf und Ausdruck. Augenform und Farbe sind ex. Die Fellqualit\u00e4t ist ex. Point und K\u00f6rperfarbe sind ex. Miro ist ein ex. lieber und freundlicher Kater<\/p>\n<h4><strong>Seine&nbsp;Ausstellungen<\/strong><\/h4>\n<pre>Datum &nbsp; &nbsp; &nbsp; &nbsp; &nbsp;  &nbsp;Ort &nbsp; &nbsp; &nbsp; &nbsp; &nbsp; &nbsp; Resultat       Nominierung &nbsp;  &nbsp; &nbsp;\r\n05.05.2013 &nbsp; &nbsp; &nbsp;  St. Gallen   &nbsp;  &nbsp;CAC            &nbsp; &nbsp; &nbsp; \r\n30.06.2013 &nbsp; &nbsp; &nbsp; &nbsp;Galgenen    &nbsp; &nbsp; &nbsp;CAC &nbsp; &nbsp; &nbsp;  &nbsp; \r\n02.11.2013 &nbsp; &nbsp;  &nbsp; Neuhausen&nbsp;       CAC<\/pre>\n<pre>Titel Champion<\/pre>\n<pre>03.11.2013        Neuhausen        CACIB\r\n26.01.2014        B\u00fclach           CACIB\r\n13.04.2014        Vaduz FL         CACIB<\/pre>\n<pre>Titel International Campion<\/pre>\n<pre>20.04.2014        Lauterach A      CAGCIB\r\n11.05.2014        St. Gallen       CAGCIB\r\n16.08.2014        Aarau            CAGCIB\r\n09.11.2014        Buchs SG         CAGCIB\r\n11.01.2015        Kleind\u00f6ttingen   CAGCIB\r\n01.03.2015&nbsp;&nbsp;&nbsp;&nbsp;&nbsp;&nbsp;&nbsp;&nbsp;Zofingen&nbsp;&nbsp;&nbsp;&nbsp;&nbsp;&nbsp;&nbsp;&nbsp;&nbsp;CAGCIB\r\n05.04.2015&nbsp;&nbsp;&nbsp;&nbsp;&nbsp;&nbsp;&nbsp;&nbsp;Lauterach AT&nbsp;&nbsp;&nbsp;&nbsp;&nbsp;CAGCIB\r\n26.04.2015&nbsp;&nbsp;&nbsp;&nbsp;&nbsp;&nbsp;&nbsp;&nbsp;Wallisellen&nbsp;&nbsp;&nbsp;&nbsp;&nbsp;&nbsp;CAGCIB        BIV<\/pre>\n<p>Titel: Grand Internationale Champion<\/p>\n<pre>10.05.2015&nbsp;&nbsp;&nbsp;&nbsp;&nbsp;&nbsp;&nbsp;&nbsp;Liestal&nbsp;&nbsp;&nbsp;&nbsp;&nbsp;&nbsp;&nbsp;&nbsp;&nbsp;&nbsp;CACS\r\n20.09.2015&nbsp;&nbsp;&nbsp;&nbsp;&nbsp;&nbsp;&nbsp;&nbsp;Widnau&nbsp;&nbsp;&nbsp;&nbsp;&nbsp;&nbsp;&nbsp;&nbsp;&nbsp;&nbsp;&nbsp;CACS\r\n07.11.2015&nbsp;&nbsp;&nbsp;&nbsp;&nbsp;&nbsp;&nbsp;&nbsp;Neuhausen&nbsp;&nbsp;&nbsp;&nbsp;&nbsp;&nbsp;&nbsp;&nbsp;CACS\r\n08.11.2015&nbsp;&nbsp;&nbsp;&nbsp;&nbsp;&nbsp;&nbsp;&nbsp;Neuhausen&nbsp;&nbsp;&nbsp;&nbsp;&nbsp;&nbsp;&nbsp;&nbsp;CACS\r\n29.11.2015&nbsp;&nbsp;&nbsp;&nbsp;&nbsp;&nbsp;&nbsp;&nbsp;Sursee&nbsp;&nbsp;&nbsp;&nbsp;&nbsp;&nbsp;&nbsp;&nbsp;&nbsp;&nbsp;&nbsp;CACS\r\n14.02.2016&nbsp;&nbsp;&nbsp;&nbsp;&nbsp;&nbsp;&nbsp;&nbsp;Uzwil&nbsp;&nbsp;&nbsp;&nbsp;&nbsp;&nbsp;&nbsp;&nbsp;&nbsp;&nbsp;&nbsp;&nbsp;CACS\r\n24.04.2016        Rothenburg       CACS\r\n22.05.2016        Altst\u00e4tten       CACS          JA\r\n09.10.2016        Burgdorf         CACS\r\n05.11.2016        Neuhausen        CACS          BIV\r\n06.11.2016        Neuhausen        CACS          BIV\r\n13.11.2016        Karlsruhe (D)    CACS<\/pre>\n<p>Titel : Supreme Champion<\/p>\n<p>Miro wird jetzt nur noch selten an Austellungen teilnehmen. Er wir aber unser Zuchtkater bleiben.<\/p>\n<\/div><\/div><div class=\"et_pb_divider_0 et_pb_divider_hidden et_pb_space et_pb_divider_position_top et_pb_module\"><div class=\"et_pb_divider_internal\"><\/div><\/div><\/div><\/div><\/div>","protected":false},"excerpt":{"rendered":"","protected":false},"author":1,"featured_media":0,"parent":128,"menu_order":0,"comment_status":"closed","ping_status":"closed","template":"","meta":{"ngg_post_thumbnail":0,"_et_pb_use_builder":"on","_et_pb_old_content":"","_et_gb_content_width":"","footnotes":""},"class_list":["post-2200","page","type-page","status-publish","hentry"],"_links":{"self":[{"href":"https:\/\/rheinfallcats.ch\/site\/wp-json\/wp\/v2\/pages\/2200","targetHints":{"allow":["GET"]}}],"collection":[{"href":"https:\/\/rheinfallcats.ch\/site\/wp-json\/wp\/v2\/pages"}],"about":[{"href":"https:\/\/rheinfallcats.ch\/site\/wp-json\/wp\/v2\/types\/page"}],"author":[{"embeddable":true,"href":"https:\/\/rheinfallcats.ch\/site\/wp-json\/wp\/v2\/users\/1"}],"replies":[{"embeddable":true,"href":"https:\/\/rheinfallcats.ch\/site\/wp-json\/wp\/v2\/comments?post=2200"}],"version-history":[{"count":1,"href":"https:\/\/rheinfallcats.ch\/site\/wp-json\/wp\/v2\/pages\/2200\/revisions"}],"predecessor-version":[{"id":236835,"href":"https:\/\/rheinfallcats.ch\/site\/wp-json\/wp\/v2\/pages\/2200\/revisions\/236835"}],"up":[{"embeddable":true,"href":"https:\/\/rheinfallcats.ch\/site\/wp-json\/wp\/v2\/pages\/128"}],"wp:attachment":[{"href":"https:\/\/rheinfallcats.ch\/site\/wp-json\/wp\/v2\/media?parent=2200"}],"curies":[{"name":"wp","href":"https:\/\/api.w.org\/{rel}","templated":true}]}}