{"id":2198,"date":"2016-03-21T22:33:36","date_gmt":"2016-03-21T21:33:36","guid":{"rendered":"http:\/\/rheinfallcats.ch\/site\/?page_id=2198"},"modified":"2026-01-23T09:33:39","modified_gmt":"2026-01-23T08:33:39","slug":"violet-von-monticulus","status":"publish","type":"page","link":"https:\/\/rheinfallcats.ch\/site\/unsere-katzen\/violet-von-monticulus\/","title":{"rendered":"Violet &#8211; Violet von Monticulus"},"content":{"rendered":"<div class=\"et_pb_section_0 et_pb_section et_section_regular et_block_section\"><div class=\"et_pb_row_0 et_pb_row et_block_row\"><div class=\"et_pb_column_0 et_pb_column et_pb_column_1_3 et_block_column et_pb_css_mix_blend_mode_passthrough\"><div class=\"et_pb_module et_d4_element et_pb_gallery et_pb_gallery_0  et_pb_bg_layout_light et_pb_slider et_pb_gallery_fullwidth et_slider_auto et_slider_speed_7200 clearfix\">\n\t\t\t\t<div class=\"et_pb_gallery_items et_pb_grid_items et_post_gallery clearfix\" data-per_page=\"4\"><div class=\"et_pb_gallery_item et_pb_bg_layout_light et_pb_css_mix_blend_mode et_pb_gallery_item_0_0\"><div class=\"et_pb_gallery_image landscape\">\n\t\t\t\t\t<a href=\"https:\/\/rheinfallcats.ch\/site\/wp-content\/uploads\/ngg_featured\/Baby_Violet-21.jpg\" title=\"Baby_Violet-21\">\n\t\t\t\t\t<img fetchpriority=\"high\" fetchpriority=\"high\" decoding=\"async\" width=\"1200\" height=\"900\" src=\"https:\/\/rheinfallcats.ch\/site\/wp-content\/uploads\/ngg_featured\/Baby_Violet-21.jpg\" class=\"wp-image-1301\" srcset=\"https:\/\/rheinfallcats.ch\/site\/wp-content\/uploads\/ngg_featured\/Baby_Violet-21.jpg 1200w, https:\/\/rheinfallcats.ch\/site\/wp-content\/uploads\/ngg_featured\/Baby_Violet-21-300x225.jpg 300w, https:\/\/rheinfallcats.ch\/site\/wp-content\/uploads\/ngg_featured\/Baby_Violet-21-1024x768.jpg 1024w, https:\/\/rheinfallcats.ch\/site\/wp-content\/uploads\/ngg_featured\/Baby_Violet-21-1080x810.jpg 1080w\" sizes=\"(max-width: 1200px) 100vw, 1200px\" \/>\n\t\t\t\t\t\n\t\t\t\t<\/a>\n\t\t\t\t<\/div><\/div><div class=\"et_pb_gallery_item et_pb_bg_layout_light et_pb_css_mix_blend_mode et_pb_gallery_item_0_1\"><div class=\"et_pb_gallery_image landscape\">\n\t\t\t\t\t<a href=\"https:\/\/rheinfallcats.ch\/site\/wp-content\/uploads\/2012\/02\/Violet-1-e1515575955405.jpg\" title=\"Violet-1\">\n\t\t\t\t\t<img decoding=\"async\" width=\"568\" height=\"853\" src=\"https:\/\/rheinfallcats.ch\/site\/wp-content\/uploads\/2012\/02\/Violet-1-e1515575955405.jpg\" class=\"wp-image-884\" \/>\n\t\t\t\t\t\n\t\t\t\t<\/a>\n\t\t\t\t<\/div><\/div><div class=\"et_pb_gallery_item et_pb_bg_layout_light et_pb_css_mix_blend_mode et_pb_gallery_item_0_2\"><div class=\"et_pb_gallery_image landscape\">\n\t\t\t\t\t<a href=\"https:\/\/rheinfallcats.ch\/site\/wp-content\/uploads\/2012\/11\/Violet-4.jpg\" title=\"Violet_4\">\n\t\t\t\t\t<img decoding=\"async\" width=\"1280\" height=\"853\" src=\"https:\/\/rheinfallcats.ch\/site\/wp-content\/uploads\/2012\/11\/Violet-4.jpg\" class=\"wp-image-878\" srcset=\"https:\/\/rheinfallcats.ch\/site\/wp-content\/uploads\/2012\/11\/Violet-4.jpg 1280w, https:\/\/rheinfallcats.ch\/site\/wp-content\/uploads\/2012\/11\/Violet-4-300x199.jpg 300w, https:\/\/rheinfallcats.ch\/site\/wp-content\/uploads\/2012\/11\/Violet-4-1024x682.jpg 1024w\" sizes=\"(max-width: 1280px) 100vw, 1280px\" \/>\n\t\t\t\t\t\n\t\t\t\t<\/a>\n\t\t\t\t<\/div><\/div><div class=\"et_pb_gallery_item et_pb_bg_layout_light et_pb_css_mix_blend_mode et_pb_gallery_item_0_3\"><div class=\"et_pb_gallery_image landscape\">\n\t\t\t\t\t<a href=\"https:\/\/rheinfallcats.ch\/site\/wp-content\/uploads\/2012\/11\/Violet-3.jpg\" title=\"Violet_3\">\n\t\t\t\t\t<img loading=\"lazy\" loading=\"lazy\" decoding=\"async\" width=\"853\" height=\"1280\" src=\"https:\/\/rheinfallcats.ch\/site\/wp-content\/uploads\/2012\/11\/Violet-3.jpg\" class=\"wp-image-875\" srcset=\"https:\/\/rheinfallcats.ch\/site\/wp-content\/uploads\/2012\/11\/Violet-3.jpg 853w, https:\/\/rheinfallcats.ch\/site\/wp-content\/uploads\/2012\/11\/Violet-3-199x300.jpg 199w, https:\/\/rheinfallcats.ch\/site\/wp-content\/uploads\/2012\/11\/Violet-3-682x1024.jpg 682w\" sizes=\"(max-width: 853px) 100vw, 853px\" \/>\n\t\t\t\t\t\n\t\t\t\t<\/a>\n\t\t\t\t<\/div><\/div><div class=\"et_pb_gallery_item et_pb_bg_layout_light et_pb_css_mix_blend_mode et_pb_gallery_item_0_4\"><div class=\"et_pb_gallery_image landscape\">\n\t\t\t\t\t<a href=\"https:\/\/rheinfallcats.ch\/site\/wp-content\/uploads\/2012\/11\/Violet-2.jpg\" title=\"Violet-2\">\n\t\t\t\t\t<img loading=\"lazy\" loading=\"lazy\" decoding=\"async\" width=\"853\" height=\"1280\" src=\"https:\/\/rheinfallcats.ch\/site\/wp-content\/uploads\/2012\/11\/Violet-2.jpg\" class=\"wp-image-872\" srcset=\"https:\/\/rheinfallcats.ch\/site\/wp-content\/uploads\/2012\/11\/Violet-2.jpg 853w, https:\/\/rheinfallcats.ch\/site\/wp-content\/uploads\/2012\/11\/Violet-2-199x300.jpg 199w, https:\/\/rheinfallcats.ch\/site\/wp-content\/uploads\/2012\/11\/Violet-2-682x1024.jpg 682w\" sizes=\"(max-width: 853px) 100vw, 853px\" \/>\n\t\t\t\t\t\n\t\t\t\t<\/a>\n\t\t\t\t<\/div><\/div><\/div><\/div><\/div><div class=\"et_pb_column_1 et_pb_column et_pb_column_2_3 et-last-child et_block_column et_pb_css_mix_blend_mode_passthrough\"><div class=\"et_pb_text_0 et_pb_text et_pb_bg_layout_light et_pb_module et_block_module et_pb_text_align_left\"><div class=\"et_pb_text_inner\"><h2><strong>Violet von Monticulus<\/strong><\/h2>\n<p>Rufname :\u00a0Violet<\/p>\n<p>Geburtsdatum :\u00a017.06.2012<\/p>\n<p>Farbe: mitted blue-point\u00a0und weiss<\/p>\n<p>Violet hat einen harmonischen K\u00f6rper. Ein ex. sch\u00f6ner Kopf mit mittel blauen Augen. Das Fell hat eine ex. sch\u00f6ne Textur harmonisch mit weiss. Violet&#8217;s Wesen hat sie von der Mutter geerbt.<\/p>\n<h4><strong>Ihre Ausstellungen<\/strong><\/h4>\n<pre>Datum \u00a0 \u00a0 \u00a0 \u00a0 \u00a0  \u00a0Ort \u00a0 \u00a0 \u00a0 \u00a0 \u00a0 \u00a0 Resulat \u00a0  \u00a0 \u00a0\r\n22.09.2013 \u00a0 \u00a0 \u00a0 \u00a0Wettingen    \u00a0  \u00a0CAC \u00a0 \u00a0 \u00a0 \r\n02.11.2013 \u00a0 \u00a0 \u00a0 \u00a0Neuhausen   \u00a0 \u00a0 \u00a0CAC \u00a0 \u00a0 \u00a0  \u00a0 \r\n03.11.2013 \u00a0 \u00a0  \u00a0 Neuhausen\u00a0       CAC          \r\n<\/pre>\n<p>Violet m\u00f6chte nicht mehr an Ausstellungen teihnehmen. Ihre Aufgabe als Zuchtkatze und Mutter macht sie vorz\u00fcglich. Sie ist f\u00fcrsorglich und lieb zu ihren Kitten. Sie vererbt das tolle Wesen ihres Vater&#8217;s.<\/p>\n<\/div><\/div><div class=\"et_pb_divider_0 et_pb_divider_hidden et_pb_space et_pb_divider_position_top et_pb_module\"><div class=\"et_pb_divider_internal\"><\/div><\/div><\/div><\/div><\/div>","protected":false},"excerpt":{"rendered":"","protected":false},"author":1,"featured_media":0,"parent":128,"menu_order":0,"comment_status":"closed","ping_status":"closed","template":"","meta":{"ngg_post_thumbnail":0,"_et_pb_use_builder":"on","_et_pb_old_content":"","_et_gb_content_width":"","footnotes":""},"class_list":["post-2198","page","type-page","status-publish","hentry"],"_links":{"self":[{"href":"https:\/\/rheinfallcats.ch\/site\/wp-json\/wp\/v2\/pages\/2198","targetHints":{"allow":["GET"]}}],"collection":[{"href":"https:\/\/rheinfallcats.ch\/site\/wp-json\/wp\/v2\/pages"}],"about":[{"href":"https:\/\/rheinfallcats.ch\/site\/wp-json\/wp\/v2\/types\/page"}],"author":[{"embeddable":true,"href":"https:\/\/rheinfallcats.ch\/site\/wp-json\/wp\/v2\/users\/1"}],"replies":[{"embeddable":true,"href":"https:\/\/rheinfallcats.ch\/site\/wp-json\/wp\/v2\/comments?post=2198"}],"version-history":[{"count":1,"href":"https:\/\/rheinfallcats.ch\/site\/wp-json\/wp\/v2\/pages\/2198\/revisions"}],"predecessor-version":[{"id":236834,"href":"https:\/\/rheinfallcats.ch\/site\/wp-json\/wp\/v2\/pages\/2198\/revisions\/236834"}],"up":[{"embeddable":true,"href":"https:\/\/rheinfallcats.ch\/site\/wp-json\/wp\/v2\/pages\/128"}],"wp:attachment":[{"href":"https:\/\/rheinfallcats.ch\/site\/wp-json\/wp\/v2\/media?parent=2198"}],"curies":[{"name":"wp","href":"https:\/\/api.w.org\/{rel}","templated":true}]}}