{"id":2194,"date":"2016-03-21T22:08:20","date_gmt":"2016-03-21T21:08:20","guid":{"rendered":"http:\/\/rheinfallcats.ch\/site\/?page_id=2194"},"modified":"2026-01-23T09:33:37","modified_gmt":"2026-01-23T08:33:37","slug":"suleika-vom-rheinfallblick","status":"publish","type":"page","link":"https:\/\/rheinfallcats.ch\/site\/unsere-katzen\/suleika-vom-rheinfallblick\/","title":{"rendered":"Suleika &#8211; Suleika vom Rheinfallblick"},"content":{"rendered":"<div class=\"et_pb_section_0 et_pb_section et_section_regular et_block_section\"><div class=\"et_pb_row_0 et_pb_row et_block_row\"><div class=\"et_pb_column_0 et_pb_column et_pb_column_1_3 et_block_column et_pb_css_mix_blend_mode_passthrough\"><div class=\"et_pb_module et_d4_element et_pb_gallery et_pb_gallery_0  et_pb_bg_layout_light et_pb_slider et_pb_gallery_fullwidth et_slider_auto et_slider_speed_7200 clearfix\">\n\t\t\t\t<div class=\"et_pb_gallery_items et_pb_grid_items et_post_gallery clearfix\" data-per_page=\"4\"><div class=\"et_pb_gallery_item et_pb_bg_layout_light et_pb_css_mix_blend_mode et_pb_gallery_item_0_0\"><div class=\"et_pb_gallery_image landscape\">\n\t\t\t\t\t<a href=\"https:\/\/rheinfallcats.ch\/site\/wp-content\/uploads\/2012\/02\/suleika_12.jpg\" title=\"suleika_1\">\n\t\t\t\t\t<img fetchpriority=\"high\" fetchpriority=\"high\" decoding=\"async\" width=\"479\" height=\"320\" src=\"https:\/\/rheinfallcats.ch\/site\/wp-content\/uploads\/2012\/02\/suleika_12.jpg\" class=\"wp-image-452\" srcset=\"https:\/\/rheinfallcats.ch\/site\/wp-content\/uploads\/2012\/02\/suleika_12.jpg 479w, https:\/\/rheinfallcats.ch\/site\/wp-content\/uploads\/2012\/02\/suleika_12-300x200.jpg 300w\" sizes=\"(max-width: 479px) 100vw, 479px\" \/>\n\t\t\t\t\t\n\t\t\t\t<\/a>\n\t\t\t\t<\/div><\/div><div class=\"et_pb_gallery_item et_pb_bg_layout_light et_pb_css_mix_blend_mode et_pb_gallery_item_0_1\"><div class=\"et_pb_gallery_image landscape\">\n\t\t\t\t\t<a href=\"https:\/\/rheinfallcats.ch\/site\/wp-content\/uploads\/2012\/02\/suleika_5.jpg\" title=\"suleika_5\">\n\t\t\t\t\t<img decoding=\"async\" width=\"539\" height=\"503\" src=\"https:\/\/rheinfallcats.ch\/site\/wp-content\/uploads\/2012\/02\/suleika_5.jpg\" class=\"wp-image-444\" srcset=\"https:\/\/rheinfallcats.ch\/site\/wp-content\/uploads\/2012\/02\/suleika_5.jpg 539w, https:\/\/rheinfallcats.ch\/site\/wp-content\/uploads\/2012\/02\/suleika_5-300x279.jpg 300w\" sizes=\"(max-width: 539px) 100vw, 539px\" \/>\n\t\t\t\t\t\n\t\t\t\t<\/a>\n\t\t\t\t<\/div><\/div><div class=\"et_pb_gallery_item et_pb_bg_layout_light et_pb_css_mix_blend_mode et_pb_gallery_item_0_2\"><div class=\"et_pb_gallery_image landscape\">\n\t\t\t\t\t<a href=\"https:\/\/rheinfallcats.ch\/site\/wp-content\/uploads\/2012\/02\/suleika_4.jpg\" title=\"suleika_4\">\n\t\t\t\t\t<img decoding=\"async\" width=\"479\" height=\"320\" src=\"https:\/\/rheinfallcats.ch\/site\/wp-content\/uploads\/2012\/02\/suleika_4.jpg\" class=\"wp-image-441\" srcset=\"https:\/\/rheinfallcats.ch\/site\/wp-content\/uploads\/2012\/02\/suleika_4.jpg 479w, https:\/\/rheinfallcats.ch\/site\/wp-content\/uploads\/2012\/02\/suleika_4-300x200.jpg 300w\" sizes=\"(max-width: 479px) 100vw, 479px\" \/>\n\t\t\t\t\t\n\t\t\t\t<\/a>\n\t\t\t\t<\/div><\/div><div class=\"et_pb_gallery_item et_pb_bg_layout_light et_pb_css_mix_blend_mode et_pb_gallery_item_0_3\"><div class=\"et_pb_gallery_image landscape\">\n\t\t\t\t\t<a href=\"https:\/\/rheinfallcats.ch\/site\/wp-content\/uploads\/2012\/02\/suleika_2.jpg\" title=\"suleika_2\">\n\t\t\t\t\t<img loading=\"lazy\" loading=\"lazy\" decoding=\"async\" width=\"479\" height=\"320\" src=\"https:\/\/rheinfallcats.ch\/site\/wp-content\/uploads\/2012\/02\/suleika_2.jpg\" class=\"wp-image-435\" srcset=\"https:\/\/rheinfallcats.ch\/site\/wp-content\/uploads\/2012\/02\/suleika_2.jpg 479w, https:\/\/rheinfallcats.ch\/site\/wp-content\/uploads\/2012\/02\/suleika_2-300x200.jpg 300w\" sizes=\"(max-width: 479px) 100vw, 479px\" \/>\n\t\t\t\t\t\n\t\t\t\t<\/a>\n\t\t\t\t<\/div><\/div><div class=\"et_pb_gallery_item et_pb_bg_layout_light et_pb_css_mix_blend_mode et_pb_gallery_item_0_4\"><div class=\"et_pb_gallery_image landscape\">\n\t\t\t\t\t<a href=\"https:\/\/rheinfallcats.ch\/site\/wp-content\/uploads\/2013\/04\/Suleika_Kitten__2.M\u00e4rz_2013_075.jpg\" title=\"Suleika_Kitten__2.M\u00e4rz_2013_075\">\n\t\t\t\t\t<img loading=\"lazy\" loading=\"lazy\" decoding=\"async\" width=\"1280\" height=\"960\" src=\"https:\/\/rheinfallcats.ch\/site\/wp-content\/uploads\/2013\/04\/Suleika_Kitten__2.M\u00e4rz_2013_075.jpg\" class=\"wp-image-1007\" srcset=\"https:\/\/rheinfallcats.ch\/site\/wp-content\/uploads\/2013\/04\/Suleika_Kitten__2.M\u00e4rz_2013_075.jpg 1280w, https:\/\/rheinfallcats.ch\/site\/wp-content\/uploads\/2013\/04\/Suleika_Kitten__2.M\u00e4rz_2013_075-300x225.jpg 300w, https:\/\/rheinfallcats.ch\/site\/wp-content\/uploads\/2013\/04\/Suleika_Kitten__2.M\u00e4rz_2013_075-1024x768.jpg 1024w\" sizes=\"(max-width: 1280px) 100vw, 1280px\" \/>\n\t\t\t\t\t\n\t\t\t\t<\/a>\n\t\t\t\t<\/div><\/div><\/div><\/div><\/div><div class=\"et_pb_column_1 et_pb_column et_pb_column_2_3 et-last-child et_block_column et_pb_css_mix_blend_mode_passthrough\"><div class=\"et_pb_text_0 et_pb_text et_pb_bg_layout_light et_pb_module et_block_module et_pb_text_align_left\"><div class=\"et_pb_text_inner\"><h3><strong>Suleika vom Rheinfallblick<\/strong><\/h3>\n<p>Rufname : Suleika<\/p>\n<p>Geburtsdatum :\u00a017.10.2009<\/p>\n<p>Farbe: mitted blue-point\u00a0und weiss<\/p>\n<p>Suleika ist ein sch\u00f6nes kr\u00e4ftiges M\u00e4dchen. Mit ex. Kopf und ex. Augenfarbe. Das Fell hat eine ex. Textur, die Point&#8217;s und K\u00f6rperfarbe sind ex.<\/p>\n<p>Suleika ist ex. lieb und freundlich.<\/p>\n<h4><strong>Ihre Ausstellungen<\/strong><\/h4>\n<pre>Datum \u00a0 \u00a0 \u00a0 \u00a0 \u00a0  \u00a0Ort \u00a0 \u00a0 \u00a0 \u00a0 \u00a0 \u00a0 Resulat \u00a0  \u00a0 \u00a0\r\n25.09.2010 \u00a0 \u00a0 \u00a0 \u00a0Winterthur \u00a0  \u00a0  CAC \u00a0 \u00a0 \u00a0  \u00a0  BIV\r\n26.09.2010 \u00a0 \u00a0 \u00a0 \u00a0Winterthur\u00a0 \u00a0 \u00a0 \u00a0CAC \u00a0 \u00a0 \u00a0  \u00a0 \r\n06.11.2010 \u00a0 \u00a0  \u00a0 Buchs SG  \u00a0      CAC          \r\n\r\nTitel Champion<\/pre>\n<pre>07.11.2010        Buchs SG         CACIB\r\n<\/pre>\n<p>Suleika m\u00f6chte nicht mehr an Austellungen teilnehmen. Sie f\u00fchlt sich in der Gruppe sehr wohl und hat mit der Kittenaufzucht gen\u00fcgend Arbeit. Suleika ist jetzt kastriert.<\/p>\n<\/div><\/div><div class=\"et_pb_divider_0 et_pb_divider_hidden et_pb_space et_pb_divider_position_top et_pb_module\"><div class=\"et_pb_divider_internal\"><\/div><\/div><\/div><\/div><\/div>","protected":false},"excerpt":{"rendered":"","protected":false},"author":1,"featured_media":0,"parent":128,"menu_order":0,"comment_status":"closed","ping_status":"closed","template":"","meta":{"ngg_post_thumbnail":0,"_et_pb_use_builder":"on","_et_pb_old_content":"","_et_gb_content_width":"","footnotes":""},"class_list":["post-2194","page","type-page","status-publish","hentry"],"_links":{"self":[{"href":"https:\/\/rheinfallcats.ch\/site\/wp-json\/wp\/v2\/pages\/2194","targetHints":{"allow":["GET"]}}],"collection":[{"href":"https:\/\/rheinfallcats.ch\/site\/wp-json\/wp\/v2\/pages"}],"about":[{"href":"https:\/\/rheinfallcats.ch\/site\/wp-json\/wp\/v2\/types\/page"}],"author":[{"embeddable":true,"href":"https:\/\/rheinfallcats.ch\/site\/wp-json\/wp\/v2\/users\/1"}],"replies":[{"embeddable":true,"href":"https:\/\/rheinfallcats.ch\/site\/wp-json\/wp\/v2\/comments?post=2194"}],"version-history":[{"count":1,"href":"https:\/\/rheinfallcats.ch\/site\/wp-json\/wp\/v2\/pages\/2194\/revisions"}],"predecessor-version":[{"id":236833,"href":"https:\/\/rheinfallcats.ch\/site\/wp-json\/wp\/v2\/pages\/2194\/revisions\/236833"}],"up":[{"embeddable":true,"href":"https:\/\/rheinfallcats.ch\/site\/wp-json\/wp\/v2\/pages\/128"}],"wp:attachment":[{"href":"https:\/\/rheinfallcats.ch\/site\/wp-json\/wp\/v2\/media?parent=2194"}],"curies":[{"name":"wp","href":"https:\/\/api.w.org\/{rel}","templated":true}]}}