{"id":1108,"date":"2014-01-10T00:22:15","date_gmt":"2014-01-09T23:22:15","guid":{"rendered":"http:\/\/rheinfallcats.ch\/site\/?page_id=1108"},"modified":"2026-01-23T09:33:31","modified_gmt":"2026-01-23T08:33:31","slug":"home","status":"publish","type":"page","link":"https:\/\/rheinfallcats.ch\/site\/","title":{"rendered":"Home"},"content":{"rendered":"<div class=\"et_pb_section_0 et_pb_section et_pb_fullwidth_section et_section_regular et_block_section et_pb_section_parallax\"><span class=\"et-pb-parallax-wrapper\"><span class=\"et-pb-parallax-background et-pb-parallax-background--css et-pb-parallax-background-module--divi-section-0\" style=\"background-image:url(https:\/\/rheinfallcats.ch\/site\/wp-content\/uploads\/2020\/08\/titelbild_1080-1-scaled.jpg)\"><\/span><\/span><section class=\"et_pb_fullwidth_header_0 et_pb_fullwidth_header et_pb_bg_layout_dark et_pb_text_align_center et_animated et_pb_module et_flex_module\"><div class=\"et_pb_fullwidth_header_container center\"><div class=\"header-content-container center\"><div class=\"header-content et_flex_module\"><h1 class=\"et_pb_module_header\">Herzlich willkommen bei den Rheinfallcats<\/h1><span class=\"et_pb_fullwidth_header_subhead\">Dem Zuhause der Ragdolls vom Rheinfallblick<\/span><div class=\"et_pb_header_content_wrapper\"><p>Seit unserer Kindheit leben bei uns Katzen, Hunde und Fische\u2026&nbsp;Knapp 20 Jahre lang haben wir Perserkatzen gehalten.&nbsp;Alle unsere Lieblinge sind altershalber von uns gegangen.&nbsp;<span id=\"more-44\"><\/span>Da unsere j\u00fcngste Tochter Tierpflegerin gelernt hat und Katzen unser ein und alles sind, lag es nahe, Katzenzucht als Hobby auszuw\u00e4hlen.&nbsp;Zu hause sind wir im z\u00fcrcherischen Weinland. Die Gemeinde Flurlingen liegt zirka 2 km oberhalb des Rheinfalls.<\/p>\n<\/div><div class=\"et_pb_header_button_wrapper\"><\/div><\/div><\/div><\/div><div class=\"et_pb_fullwidth_header_overlay\"><\/div><div class=\"et_pb_fullwidth_header_scroll\"><a class=\"scroll-down-container\" href=\"#\"><span class=\"scroll-down et-pb-icon\">C<\/span><\/a><\/div><\/section><\/div><div class=\"et_pb_section_1 et_pb_section et_section_regular et_block_section\"><div class=\"et_pb_row_1 et_pb_row et_pb_equal_columns et_block_row\"><div class=\"et_pb_column_2 et_pb_column et_pb_column_4_4 et-last-child et_block_column et_pb_css_mix_blend_mode_passthrough\"><div class=\"et_pb_gallery_0 et_pb_gallery et_pb_bg_layout_light et_pb_slider et_pb_gallery_fullwidth clearfix et_slider_auto et_slider_speed_9000 et_pb_module\" data-auto-rotate=\"off\" data-auto-rotate-speed=\"\"><div class=\"et_pb_gallery_items et_post_gallery clearfix\" data-per_page=\"4\"><div class=\"et_pb_gallery_item et_pb_gallery_item_0_0\"><div class=\"et_pb_gallery_image landscape\" data-per_page=\"4\"><a href=\"https:\/\/rheinfallcats.ch\/site\/wp-content\/uploads\/2025\/08\/inaktive_zucht.png\" title=\"inaktive_zucht\"><img fetchpriority=\"high\" fetchpriority=\"high\" decoding=\"async\" width=\"900\" height=\"300\" src=\"https:\/\/rheinfallcats.ch\/site\/wp-content\/uploads\/2025\/08\/inaktive_zucht.png\" alt=\"\" class=\"wp-image-236732\" srcset=\"https:\/\/rheinfallcats.ch\/site\/wp-content\/uploads\/2025\/08\/inaktive_zucht.png 900w, https:\/\/rheinfallcats.ch\/site\/wp-content\/uploads\/2025\/08\/inaktive_zucht-480x160.png 480w\" sizes=\"(min-width: 0px) and (max-width: 480px) 480px, (min-width: 481px) 900px, 100vw\" \/><span class=\"et_overlay\" data-icon=\"\" data-icon-tablet=\"\" data-icon-phone=\"\"><\/span><\/a><\/div><\/div><\/div><\/div><\/div><\/div><div class=\"et_pb_row_2 et_pb_row et_pb_row_3-4_1-4 et_block_row\"><div class=\"et_pb_column_3 et_pb_column et_pb_column_3_4 et_block_column et_pb_css_mix_blend_mode_passthrough\"><\/div><div class=\"et_pb_column_4 et_pb_column et_pb_column_1_4 et-last-child et_block_column et_pb_css_mix_blend_mode_passthrough\"><div class=\"et_pb_divider_0 et_pb_divider_hidden et_pb_space et_pb_divider_position_top et_pb_module\"><div class=\"et_pb_divider_internal\"><\/div><\/div><div class=\"et_pb_gallery_1 et_pb_gallery et_pb_bg_layout_dark et_pb_slider et_pb_gallery_fullwidth clearfix et_slider_auto et_slider_speed_3800 et_pb_module\" data-auto-rotate=\"off\" data-auto-rotate-speed=\"\"><div class=\"et_pb_gallery_items et_post_gallery clearfix\" data-per_page=\"4\"><div class=\"et_pb_gallery_item et_pb_gallery_item_1_0\"><div class=\"et_pb_gallery_image landscape\" data-per_page=\"4\"><a href=\"https:\/\/rheinfallcats.ch\/site\/wp-content\/uploads\/2014\/01\/IMG_60963.jpg\" title=\"IMG_6096\"><img decoding=\"async\" width=\"1200\" height=\"800\" src=\"https:\/\/rheinfallcats.ch\/site\/wp-content\/uploads\/2014\/01\/IMG_60963.jpg\" alt=\"\" class=\"wp-image-1970\" srcset=\"https:\/\/rheinfallcats.ch\/site\/wp-content\/uploads\/2014\/01\/IMG_60963.jpg 1200w, https:\/\/rheinfallcats.ch\/site\/wp-content\/uploads\/2014\/01\/IMG_60963-300x200.jpg 300w, https:\/\/rheinfallcats.ch\/site\/wp-content\/uploads\/2014\/01\/IMG_60963-1024x683.jpg 1024w, https:\/\/rheinfallcats.ch\/site\/wp-content\/uploads\/2014\/01\/IMG_60963-1080x720.jpg 1080w\" sizes=\"(max-width: 1200px) 100vw, 1200px\" \/><span class=\"et_overlay\" data-icon=\"\" data-icon-tablet=\"\" data-icon-phone=\"\"><\/span><\/a><\/div><\/div><div class=\"et_pb_gallery_item et_pb_gallery_item_1_1\"><div class=\"et_pb_gallery_image landscape\" data-per_page=\"4\"><a href=\"https:\/\/rheinfallcats.ch\/site\/wp-content\/uploads\/2014\/01\/Bella-150920-3-klein.jpg\" title=\"Bella-150920-3-klein\"><img decoding=\"async\" width=\"1600\" height=\"1066\" src=\"https:\/\/rheinfallcats.ch\/site\/wp-content\/uploads\/2014\/01\/Bella-150920-3-klein.jpg\" alt=\"\" class=\"wp-image-1980\" srcset=\"https:\/\/rheinfallcats.ch\/site\/wp-content\/uploads\/2014\/01\/Bella-150920-3-klein.jpg 1600w, https:\/\/rheinfallcats.ch\/site\/wp-content\/uploads\/2014\/01\/Bella-150920-3-klein-300x200.jpg 300w, https:\/\/rheinfallcats.ch\/site\/wp-content\/uploads\/2014\/01\/Bella-150920-3-klein-1024x682.jpg 1024w, https:\/\/rheinfallcats.ch\/site\/wp-content\/uploads\/2014\/01\/Bella-150920-3-klein-1080x720.jpg 1080w\" sizes=\"(max-width: 1600px) 100vw, 1600px\" \/><span class=\"et_overlay\" data-icon=\"\" data-icon-tablet=\"\" data-icon-phone=\"\"><\/span><\/a><\/div><\/div><div class=\"et_pb_gallery_item et_pb_gallery_item_1_2\"><div class=\"et_pb_gallery_image landscape\" data-per_page=\"4\"><a href=\"https:\/\/rheinfallcats.ch\/site\/wp-content\/uploads\/2014\/01\/IMG_59403.jpg\" title=\"IMG_5940\"><img loading=\"lazy\" loading=\"lazy\" decoding=\"async\" width=\"1200\" height=\"800\" src=\"https:\/\/rheinfallcats.ch\/site\/wp-content\/uploads\/2014\/01\/IMG_59403.jpg\" alt=\"\" class=\"wp-image-1965\" srcset=\"https:\/\/rheinfallcats.ch\/site\/wp-content\/uploads\/2014\/01\/IMG_59403.jpg 1200w, https:\/\/rheinfallcats.ch\/site\/wp-content\/uploads\/2014\/01\/IMG_59403-300x200.jpg 300w, https:\/\/rheinfallcats.ch\/site\/wp-content\/uploads\/2014\/01\/IMG_59403-1024x683.jpg 1024w, https:\/\/rheinfallcats.ch\/site\/wp-content\/uploads\/2014\/01\/IMG_59403-1080x720.jpg 1080w\" sizes=\"(max-width: 1200px) 100vw, 1200px\" \/><span class=\"et_overlay\" data-icon=\"\" data-icon-tablet=\"\" data-icon-phone=\"\"><\/span><\/a><\/div><\/div><div class=\"et_pb_gallery_item et_pb_gallery_item_1_3\"><div class=\"et_pb_gallery_image landscape\" data-per_page=\"4\"><a href=\"https:\/\/rheinfallcats.ch\/site\/wp-content\/uploads\/2014\/01\/DSC0834.jpg\" title=\"_DSC0834\"><img loading=\"lazy\" loading=\"lazy\" decoding=\"async\" width=\"1200\" height=\"800\" src=\"https:\/\/rheinfallcats.ch\/site\/wp-content\/uploads\/2014\/01\/DSC0834.jpg\" alt=\"\" class=\"wp-image-2001\" srcset=\"https:\/\/rheinfallcats.ch\/site\/wp-content\/uploads\/2014\/01\/DSC0834.jpg 1200w, https:\/\/rheinfallcats.ch\/site\/wp-content\/uploads\/2014\/01\/DSC0834-300x200.jpg 300w, https:\/\/rheinfallcats.ch\/site\/wp-content\/uploads\/2014\/01\/DSC0834-1024x683.jpg 1024w, https:\/\/rheinfallcats.ch\/site\/wp-content\/uploads\/2014\/01\/DSC0834-1080x720.jpg 1080w\" sizes=\"(max-width: 1200px) 100vw, 1200px\" \/><span class=\"et_overlay\" data-icon=\"\" data-icon-tablet=\"\" data-icon-phone=\"\"><\/span><\/a><\/div><\/div><div class=\"et_pb_gallery_item et_pb_gallery_item_1_4\"><div class=\"et_pb_gallery_image landscape\" data-per_page=\"4\"><a href=\"https:\/\/rheinfallcats.ch\/site\/wp-content\/uploads\/2014\/01\/IMG_9309c.jpg\" title=\"IMG_9309c\"><img loading=\"lazy\" loading=\"lazy\" decoding=\"async\" width=\"1200\" height=\"801\" src=\"https:\/\/rheinfallcats.ch\/site\/wp-content\/uploads\/2014\/01\/IMG_9309c.jpg\" alt=\"\" class=\"wp-image-1972\" srcset=\"https:\/\/rheinfallcats.ch\/site\/wp-content\/uploads\/2014\/01\/IMG_9309c.jpg 1200w, https:\/\/rheinfallcats.ch\/site\/wp-content\/uploads\/2014\/01\/IMG_9309c-300x200.jpg 300w, https:\/\/rheinfallcats.ch\/site\/wp-content\/uploads\/2014\/01\/IMG_9309c-1024x684.jpg 1024w, https:\/\/rheinfallcats.ch\/site\/wp-content\/uploads\/2014\/01\/IMG_9309c-1080x721.jpg 1080w\" sizes=\"(max-width: 1200px) 100vw, 1200px\" \/><span class=\"et_overlay\" data-icon=\"\" data-icon-tablet=\"\" data-icon-phone=\"\"><\/span><\/a><\/div><\/div><div class=\"et_pb_gallery_item et_pb_gallery_item_1_5\"><div class=\"et_pb_gallery_image landscape\" data-per_page=\"4\"><a href=\"https:\/\/rheinfallcats.ch\/site\/wp-content\/uploads\/2014\/01\/Bella-150809-5b-klein.jpg\" title=\"Bella-150809-5b-klein\"><img loading=\"lazy\" loading=\"lazy\" decoding=\"async\" width=\"1600\" height=\"1067\" src=\"https:\/\/rheinfallcats.ch\/site\/wp-content\/uploads\/2014\/01\/Bella-150809-5b-klein.jpg\" alt=\"\" class=\"wp-image-1979\" srcset=\"https:\/\/rheinfallcats.ch\/site\/wp-content\/uploads\/2014\/01\/Bella-150809-5b-klein.jpg 1600w, https:\/\/rheinfallcats.ch\/site\/wp-content\/uploads\/2014\/01\/Bella-150809-5b-klein-300x200.jpg 300w, https:\/\/rheinfallcats.ch\/site\/wp-content\/uploads\/2014\/01\/Bella-150809-5b-klein-1024x683.jpg 1024w, https:\/\/rheinfallcats.ch\/site\/wp-content\/uploads\/2014\/01\/Bella-150809-5b-klein-1080x720.jpg 1080w\" sizes=\"(max-width: 1600px) 100vw, 1600px\" \/><span class=\"et_overlay\" data-icon=\"\" data-icon-tablet=\"\" data-icon-phone=\"\"><\/span><\/a><\/div><\/div><div class=\"et_pb_gallery_item et_pb_gallery_item_1_6\"><div class=\"et_pb_gallery_image landscape\" data-per_page=\"4\"><a href=\"https:\/\/rheinfallcats.ch\/site\/wp-content\/uploads\/2014\/01\/DSC060441.jpg\" title=\"DSC06044\"><img loading=\"lazy\" loading=\"lazy\" decoding=\"async\" width=\"1200\" height=\"675\" src=\"https:\/\/rheinfallcats.ch\/site\/wp-content\/uploads\/2014\/01\/DSC060441.jpg\" alt=\"\" class=\"wp-image-1964\" srcset=\"https:\/\/rheinfallcats.ch\/site\/wp-content\/uploads\/2014\/01\/DSC060441.jpg 1200w, https:\/\/rheinfallcats.ch\/site\/wp-content\/uploads\/2014\/01\/DSC060441-300x169.jpg 300w, https:\/\/rheinfallcats.ch\/site\/wp-content\/uploads\/2014\/01\/DSC060441-1024x576.jpg 1024w, https:\/\/rheinfallcats.ch\/site\/wp-content\/uploads\/2014\/01\/DSC060441-1080x608.jpg 1080w\" sizes=\"(max-width: 1200px) 100vw, 1200px\" \/><span class=\"et_overlay\" data-icon=\"\" data-icon-tablet=\"\" data-icon-phone=\"\"><\/span><\/a><\/div><\/div><div class=\"et_pb_gallery_item et_pb_gallery_item_1_7\"><div class=\"et_pb_gallery_image landscape\" data-per_page=\"4\"><a href=\"https:\/\/rheinfallcats.ch\/site\/wp-content\/uploads\/2014\/01\/IMG_9307.jpg\" title=\"IMG_9307\"><img loading=\"lazy\" loading=\"lazy\" decoding=\"async\" width=\"1200\" height=\"801\" src=\"https:\/\/rheinfallcats.ch\/site\/wp-content\/uploads\/2014\/01\/IMG_9307.jpg\" alt=\"\" class=\"wp-image-1971\" srcset=\"https:\/\/rheinfallcats.ch\/site\/wp-content\/uploads\/2014\/01\/IMG_9307.jpg 1200w, https:\/\/rheinfallcats.ch\/site\/wp-content\/uploads\/2014\/01\/IMG_9307-300x200.jpg 300w, https:\/\/rheinfallcats.ch\/site\/wp-content\/uploads\/2014\/01\/IMG_9307-1024x684.jpg 1024w, https:\/\/rheinfallcats.ch\/site\/wp-content\/uploads\/2014\/01\/IMG_9307-1080x721.jpg 1080w\" sizes=\"(max-width: 1200px) 100vw, 1200px\" \/><span class=\"et_overlay\" data-icon=\"\" data-icon-tablet=\"\" data-icon-phone=\"\"><\/span><\/a><\/div><\/div><div class=\"et_pb_gallery_item et_pb_gallery_item_1_8\"><div class=\"et_pb_gallery_image landscape\" data-per_page=\"4\"><a href=\"https:\/\/rheinfallcats.ch\/site\/wp-content\/uploads\/2014\/01\/DSC0833.jpg\" title=\"_DSC0833\"><img loading=\"lazy\" loading=\"lazy\" decoding=\"async\" width=\"1200\" height=\"800\" src=\"https:\/\/rheinfallcats.ch\/site\/wp-content\/uploads\/2014\/01\/DSC0833.jpg\" alt=\"\" class=\"wp-image-2000\" srcset=\"https:\/\/rheinfallcats.ch\/site\/wp-content\/uploads\/2014\/01\/DSC0833.jpg 1200w, https:\/\/rheinfallcats.ch\/site\/wp-content\/uploads\/2014\/01\/DSC0833-300x200.jpg 300w, https:\/\/rheinfallcats.ch\/site\/wp-content\/uploads\/2014\/01\/DSC0833-1024x683.jpg 1024w, https:\/\/rheinfallcats.ch\/site\/wp-content\/uploads\/2014\/01\/DSC0833-1080x720.jpg 1080w\" sizes=\"(max-width: 1200px) 100vw, 1200px\" \/><span class=\"et_overlay\" data-icon=\"\" data-icon-tablet=\"\" data-icon-phone=\"\"><\/span><\/a><\/div><\/div><div class=\"et_pb_gallery_item et_pb_gallery_item_1_9\"><div class=\"et_pb_gallery_image landscape\" data-per_page=\"4\"><a href=\"https:\/\/rheinfallcats.ch\/site\/wp-content\/uploads\/2014\/01\/Bella-150920-6-klein.jpg\" title=\"Bella-150920-6-klein\"><img loading=\"lazy\" loading=\"lazy\" decoding=\"async\" width=\"1600\" height=\"1066\" src=\"https:\/\/rheinfallcats.ch\/site\/wp-content\/uploads\/2014\/01\/Bella-150920-6-klein.jpg\" alt=\"\" class=\"wp-image-1982\" srcset=\"https:\/\/rheinfallcats.ch\/site\/wp-content\/uploads\/2014\/01\/Bella-150920-6-klein.jpg 1600w, https:\/\/rheinfallcats.ch\/site\/wp-content\/uploads\/2014\/01\/Bella-150920-6-klein-300x200.jpg 300w, https:\/\/rheinfallcats.ch\/site\/wp-content\/uploads\/2014\/01\/Bella-150920-6-klein-1024x682.jpg 1024w, https:\/\/rheinfallcats.ch\/site\/wp-content\/uploads\/2014\/01\/Bella-150920-6-klein-1080x720.jpg 1080w\" sizes=\"(max-width: 1600px) 100vw, 1600px\" \/><span class=\"et_overlay\" data-icon=\"\" data-icon-tablet=\"\" data-icon-phone=\"\"><\/span><\/a><\/div><\/div><div class=\"et_pb_gallery_item et_pb_gallery_item_1_10\"><div class=\"et_pb_gallery_image landscape\" data-per_page=\"4\"><a href=\"https:\/\/rheinfallcats.ch\/site\/wp-content\/uploads\/2014\/01\/IMG_60553.jpg\" title=\"IMG_6055\"><img loading=\"lazy\" loading=\"lazy\" decoding=\"async\" width=\"1200\" height=\"800\" src=\"https:\/\/rheinfallcats.ch\/site\/wp-content\/uploads\/2014\/01\/IMG_60553.jpg\" alt=\"\" class=\"wp-image-1968\" srcset=\"https:\/\/rheinfallcats.ch\/site\/wp-content\/uploads\/2014\/01\/IMG_60553.jpg 1200w, https:\/\/rheinfallcats.ch\/site\/wp-content\/uploads\/2014\/01\/IMG_60553-300x200.jpg 300w, https:\/\/rheinfallcats.ch\/site\/wp-content\/uploads\/2014\/01\/IMG_60553-1024x683.jpg 1024w, https:\/\/rheinfallcats.ch\/site\/wp-content\/uploads\/2014\/01\/IMG_60553-1080x720.jpg 1080w\" sizes=\"(max-width: 1200px) 100vw, 1200px\" \/><span class=\"et_overlay\" data-icon=\"\" data-icon-tablet=\"\" data-icon-phone=\"\"><\/span><\/a><\/div><\/div><div class=\"et_pb_gallery_item et_pb_gallery_item_1_11\"><div class=\"et_pb_gallery_image landscape\" data-per_page=\"4\"><a href=\"https:\/\/rheinfallcats.ch\/site\/wp-content\/uploads\/2014\/01\/DSC040691.jpg\" title=\"DSC04069\"><img loading=\"lazy\" loading=\"lazy\" decoding=\"async\" width=\"1200\" height=\"675\" src=\"https:\/\/rheinfallcats.ch\/site\/wp-content\/uploads\/2014\/01\/DSC040691.jpg\" alt=\"\" class=\"wp-image-1963\" srcset=\"https:\/\/rheinfallcats.ch\/site\/wp-content\/uploads\/2014\/01\/DSC040691.jpg 1200w, https:\/\/rheinfallcats.ch\/site\/wp-content\/uploads\/2014\/01\/DSC040691-300x169.jpg 300w, https:\/\/rheinfallcats.ch\/site\/wp-content\/uploads\/2014\/01\/DSC040691-1024x576.jpg 1024w, https:\/\/rheinfallcats.ch\/site\/wp-content\/uploads\/2014\/01\/DSC040691-1080x608.jpg 1080w\" sizes=\"(max-width: 1200px) 100vw, 1200px\" \/><span class=\"et_overlay\" data-icon=\"\" data-icon-tablet=\"\" data-icon-phone=\"\"><\/span><\/a><\/div><\/div><div class=\"et_pb_gallery_item et_pb_gallery_item_1_12\"><div class=\"et_pb_gallery_image landscape\" data-per_page=\"4\"><a href=\"https:\/\/rheinfallcats.ch\/site\/wp-content\/uploads\/2014\/01\/IMG_60813.jpg\" title=\"IMG_6081\"><img loading=\"lazy\" loading=\"lazy\" decoding=\"async\" width=\"1200\" height=\"800\" src=\"https:\/\/rheinfallcats.ch\/site\/wp-content\/uploads\/2014\/01\/IMG_60813.jpg\" alt=\"\" class=\"wp-image-1969\" srcset=\"https:\/\/rheinfallcats.ch\/site\/wp-content\/uploads\/2014\/01\/IMG_60813.jpg 1200w, https:\/\/rheinfallcats.ch\/site\/wp-content\/uploads\/2014\/01\/IMG_60813-300x200.jpg 300w, https:\/\/rheinfallcats.ch\/site\/wp-content\/uploads\/2014\/01\/IMG_60813-1024x683.jpg 1024w, https:\/\/rheinfallcats.ch\/site\/wp-content\/uploads\/2014\/01\/IMG_60813-1080x720.jpg 1080w\" sizes=\"(max-width: 1200px) 100vw, 1200px\" \/><span class=\"et_overlay\" data-icon=\"\" data-icon-tablet=\"\" data-icon-phone=\"\"><\/span><\/a><\/div><\/div><div class=\"et_pb_gallery_item et_pb_gallery_item_1_13\"><div class=\"et_pb_gallery_image landscape\" data-per_page=\"4\"><a href=\"https:\/\/rheinfallcats.ch\/site\/wp-content\/uploads\/2014\/01\/Bella-150920-5-klein.jpg\" title=\"Bella-150920-5-klein\"><img loading=\"lazy\" loading=\"lazy\" decoding=\"async\" width=\"1600\" height=\"1066\" src=\"https:\/\/rheinfallcats.ch\/site\/wp-content\/uploads\/2014\/01\/Bella-150920-5-klein.jpg\" alt=\"\" class=\"wp-image-1981\" srcset=\"https:\/\/rheinfallcats.ch\/site\/wp-content\/uploads\/2014\/01\/Bella-150920-5-klein.jpg 1600w, https:\/\/rheinfallcats.ch\/site\/wp-content\/uploads\/2014\/01\/Bella-150920-5-klein-300x200.jpg 300w, https:\/\/rheinfallcats.ch\/site\/wp-content\/uploads\/2014\/01\/Bella-150920-5-klein-1024x682.jpg 1024w, https:\/\/rheinfallcats.ch\/site\/wp-content\/uploads\/2014\/01\/Bella-150920-5-klein-1080x720.jpg 1080w\" sizes=\"(max-width: 1600px) 100vw, 1600px\" \/><span class=\"et_overlay\" data-icon=\"\" data-icon-tablet=\"\" data-icon-phone=\"\"><\/span><\/a><\/div><\/div><div class=\"et_pb_gallery_item et_pb_gallery_item_1_14\"><div class=\"et_pb_gallery_image landscape\" data-per_page=\"4\"><a href=\"https:\/\/rheinfallcats.ch\/site\/wp-content\/uploads\/2014\/01\/DSC0825.jpg\" title=\"_DSC0825\"><img loading=\"lazy\" loading=\"lazy\" decoding=\"async\" width=\"800\" height=\"1200\" src=\"https:\/\/rheinfallcats.ch\/site\/wp-content\/uploads\/2014\/01\/DSC0825.jpg\" alt=\"\" class=\"wp-image-1999\" srcset=\"https:\/\/rheinfallcats.ch\/site\/wp-content\/uploads\/2014\/01\/DSC0825.jpg 800w, https:\/\/rheinfallcats.ch\/site\/wp-content\/uploads\/2014\/01\/DSC0825-200x300.jpg 200w, https:\/\/rheinfallcats.ch\/site\/wp-content\/uploads\/2014\/01\/DSC0825-683x1024.jpg 683w\" sizes=\"(max-width: 800px) 100vw, 800px\" \/><span class=\"et_overlay\" data-icon=\"\" data-icon-tablet=\"\" data-icon-phone=\"\"><\/span><\/a><\/div><\/div><div class=\"et_pb_gallery_item et_pb_gallery_item_1_15\"><div class=\"et_pb_gallery_image landscape\" data-per_page=\"4\"><a href=\"https:\/\/rheinfallcats.ch\/site\/wp-content\/uploads\/2014\/01\/DSC0864.jpg\" title=\"_DSC0864\"><img loading=\"lazy\" loading=\"lazy\" decoding=\"async\" width=\"800\" height=\"1200\" src=\"https:\/\/rheinfallcats.ch\/site\/wp-content\/uploads\/2014\/01\/DSC0864.jpg\" alt=\"\" class=\"wp-image-2002\" srcset=\"https:\/\/rheinfallcats.ch\/site\/wp-content\/uploads\/2014\/01\/DSC0864.jpg 800w, https:\/\/rheinfallcats.ch\/site\/wp-content\/uploads\/2014\/01\/DSC0864-200x300.jpg 200w, https:\/\/rheinfallcats.ch\/site\/wp-content\/uploads\/2014\/01\/DSC0864-683x1024.jpg 683w\" sizes=\"(max-width: 800px) 100vw, 800px\" \/><span class=\"et_overlay\" data-icon=\"\" data-icon-tablet=\"\" data-icon-phone=\"\"><\/span><\/a><\/div><\/div><div class=\"et_pb_gallery_item et_pb_gallery_item_1_16\"><div class=\"et_pb_gallery_image landscape\" data-per_page=\"4\"><a href=\"https:\/\/rheinfallcats.ch\/site\/wp-content\/uploads\/2014\/01\/IMG_60483.jpg\" title=\"IMG_6048\"><img loading=\"lazy\" loading=\"lazy\" decoding=\"async\" width=\"1200\" height=\"800\" src=\"https:\/\/rheinfallcats.ch\/site\/wp-content\/uploads\/2014\/01\/IMG_60483.jpg\" alt=\"\" class=\"wp-image-1967\" srcset=\"https:\/\/rheinfallcats.ch\/site\/wp-content\/uploads\/2014\/01\/IMG_60483.jpg 1200w, https:\/\/rheinfallcats.ch\/site\/wp-content\/uploads\/2014\/01\/IMG_60483-300x200.jpg 300w, https:\/\/rheinfallcats.ch\/site\/wp-content\/uploads\/2014\/01\/IMG_60483-1024x683.jpg 1024w, https:\/\/rheinfallcats.ch\/site\/wp-content\/uploads\/2014\/01\/IMG_60483-1080x720.jpg 1080w\" sizes=\"(max-width: 1200px) 100vw, 1200px\" \/><span class=\"et_overlay\" data-icon=\"\" data-icon-tablet=\"\" data-icon-phone=\"\"><\/span><\/a><\/div><\/div><div class=\"et_pb_gallery_item et_pb_gallery_item_1_17\"><div class=\"et_pb_gallery_image landscape\" data-per_page=\"4\"><a href=\"https:\/\/rheinfallcats.ch\/site\/wp-content\/uploads\/2014\/01\/Bella-150920-8-klein.jpg\" title=\"Bella-150920-8-klein\"><img loading=\"lazy\" loading=\"lazy\" decoding=\"async\" width=\"1600\" height=\"1066\" src=\"https:\/\/rheinfallcats.ch\/site\/wp-content\/uploads\/2014\/01\/Bella-150920-8-klein.jpg\" alt=\"\" class=\"wp-image-1983\" srcset=\"https:\/\/rheinfallcats.ch\/site\/wp-content\/uploads\/2014\/01\/Bella-150920-8-klein.jpg 1600w, https:\/\/rheinfallcats.ch\/site\/wp-content\/uploads\/2014\/01\/Bella-150920-8-klein-300x200.jpg 300w, https:\/\/rheinfallcats.ch\/site\/wp-content\/uploads\/2014\/01\/Bella-150920-8-klein-1024x682.jpg 1024w, https:\/\/rheinfallcats.ch\/site\/wp-content\/uploads\/2014\/01\/Bella-150920-8-klein-1080x720.jpg 1080w\" sizes=\"(max-width: 1600px) 100vw, 1600px\" \/><span class=\"et_overlay\" data-icon=\"\" data-icon-tablet=\"\" data-icon-phone=\"\"><\/span><\/a><\/div><\/div><div class=\"et_pb_gallery_item et_pb_gallery_item_1_18\"><div class=\"et_pb_gallery_image landscape\" data-per_page=\"4\"><a href=\"https:\/\/rheinfallcats.ch\/site\/wp-content\/uploads\/2014\/01\/IMG_6018.jpg\" title=\"IMG_6018\"><img loading=\"lazy\" loading=\"lazy\" decoding=\"async\" width=\"1200\" height=\"800\" src=\"https:\/\/rheinfallcats.ch\/site\/wp-content\/uploads\/2014\/01\/IMG_6018.jpg\" alt=\"\" class=\"wp-image-1966\" srcset=\"https:\/\/rheinfallcats.ch\/site\/wp-content\/uploads\/2014\/01\/IMG_6018.jpg 1200w, https:\/\/rheinfallcats.ch\/site\/wp-content\/uploads\/2014\/01\/IMG_6018-300x200.jpg 300w, https:\/\/rheinfallcats.ch\/site\/wp-content\/uploads\/2014\/01\/IMG_6018-1024x683.jpg 1024w, https:\/\/rheinfallcats.ch\/site\/wp-content\/uploads\/2014\/01\/IMG_6018-1080x720.jpg 1080w\" sizes=\"(max-width: 1200px) 100vw, 1200px\" \/><span class=\"et_overlay\" data-icon=\"\" data-icon-tablet=\"\" data-icon-phone=\"\"><\/span><\/a><\/div><\/div><div class=\"et_pb_gallery_item et_pb_gallery_item_1_19\"><div class=\"et_pb_gallery_image landscape\" data-per_page=\"4\"><a href=\"https:\/\/rheinfallcats.ch\/site\/wp-content\/uploads\/2014\/01\/WP_20140220_0051.jpg\" title=\"WP_20140220_005\"><img loading=\"lazy\" loading=\"lazy\" decoding=\"async\" width=\"674\" height=\"1200\" src=\"https:\/\/rheinfallcats.ch\/site\/wp-content\/uploads\/2014\/01\/WP_20140220_0051.jpg\" alt=\"\" class=\"wp-image-1973\" srcset=\"https:\/\/rheinfallcats.ch\/site\/wp-content\/uploads\/2014\/01\/WP_20140220_0051.jpg 674w, https:\/\/rheinfallcats.ch\/site\/wp-content\/uploads\/2014\/01\/WP_20140220_0051-169x300.jpg 169w, https:\/\/rheinfallcats.ch\/site\/wp-content\/uploads\/2014\/01\/WP_20140220_0051-575x1024.jpg 575w\" sizes=\"(max-width: 674px) 100vw, 674px\" \/><span class=\"et_overlay\" data-icon=\"\" data-icon-tablet=\"\" data-icon-phone=\"\"><\/span><\/a><\/div><\/div><\/div><\/div><\/div><\/div><\/div>","protected":false},"excerpt":{"rendered":"","protected":false},"author":1,"featured_media":0,"parent":0,"menu_order":0,"comment_status":"closed","ping_status":"closed","template":"","meta":{"ngg_post_thumbnail":0,"_et_pb_use_builder":"on","_et_pb_old_content":"","_et_gb_content_width":"","footnotes":""},"class_list":["post-1108","page","type-page","status-publish","hentry"],"_links":{"self":[{"href":"https:\/\/rheinfallcats.ch\/site\/wp-json\/wp\/v2\/pages\/1108","targetHints":{"allow":["GET"]}}],"collection":[{"href":"https:\/\/rheinfallcats.ch\/site\/wp-json\/wp\/v2\/pages"}],"about":[{"href":"https:\/\/rheinfallcats.ch\/site\/wp-json\/wp\/v2\/types\/page"}],"author":[{"embeddable":true,"href":"https:\/\/rheinfallcats.ch\/site\/wp-json\/wp\/v2\/users\/1"}],"replies":[{"embeddable":true,"href":"https:\/\/rheinfallcats.ch\/site\/wp-json\/wp\/v2\/comments?post=1108"}],"version-history":[{"count":23,"href":"https:\/\/rheinfallcats.ch\/site\/wp-json\/wp\/v2\/pages\/1108\/revisions"}],"predecessor-version":[{"id":236827,"href":"https:\/\/rheinfallcats.ch\/site\/wp-json\/wp\/v2\/pages\/1108\/revisions\/236827"}],"wp:attachment":[{"href":"https:\/\/rheinfallcats.ch\/site\/wp-json\/wp\/v2\/media?parent=1108"}],"curies":[{"name":"wp","href":"https:\/\/api.w.org\/{rel}","templated":true}]}}